{"id":3,"date":"2022-11-12T06:28:23","date_gmt":"2022-11-12T06:28:23","guid":{"rendered":"https:\/\/www.amidoux-peintures.com\/?page_id=3"},"modified":"2023-02-09T14:37:23","modified_gmt":"2023-02-09T14:37:23","slug":"mentions-legales","status":"publish","type":"page","link":"https:\/\/www.benoit-lison.com\/en\/mentions-legales\/","title":{"rendered":"Legal notice"},"content":{"rendered":"<style>#kt-layout-id_056bf8-d6 > .kt-row-column-wrap{align-content:start;}:where(#kt-layout-id_056bf8-d6 > .kt-row-column-wrap) > .wp-block-kadence-column{justify-content:start;}#kt-layout-id_056bf8-d6 > .kt-row-column-wrap{column-gap:var(--global-kb-gap-md, 2rem);row-gap:var(--global-kb-gap-md, 2rem);max-width:var( --global-content-width, 1290px );padding-left:var(--global-content-edge-padding);padding-right:var(--global-content-edge-padding);padding-top:25px;padding-bottom:25px;padding-top:149px;min-height:100vh;grid-template-columns:minmax(0, 1fr);}#kt-layout-id_056bf8-d6{background-color:#000000;}#kt-layout-id_056bf8-d6 > .kt-row-layout-overlay{opacity:0.40;background-image:url('https:\/\/www.benoit-lison.com\/wp-content\/uploads\/2023\/02\/cropped-Francois_Logo_NEG-fi2485789x2000-1.png');background-size:auto;background-position:center center;background-attachment:fixed;background-repeat:no-repeat;}@media all and (max-width: 1024px){#kt-layout-id_056bf8-d6 > .kt-row-column-wrap{grid-template-columns:minmax(0, 1fr);}}@media all and (max-width: 767px){#kt-layout-id_056bf8-d6 > .kt-row-column-wrap{grid-template-columns:minmax(0, 1fr);}}<\/style>\n<div class=\"wp-block-kadence-rowlayout alignfull\"><div id=\"kt-layout-id_056bf8-d6\" class=\"kt-row-layout-inner kt-row-has-bg kt-layout-id_056bf8-d6\"><div class=\"kt-row-layout-overlay kt-row-overlay-normal\"><\/div><div class=\"kt-row-column-wrap kt-has-1-columns kt-gutter-default kt-v-gutter-default kt-row-valign-top kt-row-layout-equal kt-tab-layout-inherit kt-m-colapse-left-to-right kt-mobile-layout-row kb-theme-content-width\"><style>.kadence-column_355793-ef > .kt-inside-inner-col{border-top-width:0px;border-right-width:0px;border-bottom-width:0px;border-left-width:0px;}.kadence-column_355793-ef > .kt-inside-inner-col,.kadence-column_355793-ef > .kt-inside-inner-col:before{border-top-left-radius:0px;border-top-right-radius:0px;border-bottom-right-radius:0px;border-bottom-left-radius:0px;}.kadence-column_355793-ef > .kt-inside-inner-col:before{opacity:0.3;}div:not(.kt-inside-inner-col) > .kadence-column_355793-ef{position:relative;}<\/style>\n<div class=\"wp-block-kadence-column inner-column-1 kadence-column_355793-ef\"><div class=\"kt-inside-inner-col\"><style>.wp-block-kadence-advancedheading.kt-adv-heading_e228b4-82, .wp-block-kadence-advancedheading.kt-adv-heading_e228b4-82[data-kb-block=\"kb-adv-heading_e228b4-82\"]{text-align:center;font-style:normal;}.wp-block-kadence-advancedheading.kt-adv-heading_e228b4-82 mark, .wp-block-kadence-advancedheading.kt-adv-heading_e228b4-82[data-kb-block=\"kb-adv-heading_e228b4-82\"] mark{font-style:normal;color:#f76a0c;padding-top:0px;padding-right:0px;padding-bottom:0px;padding-left:0px;}<\/style>\n<h1 class=\"kt-adv-heading_e228b4-82 wp-block-kadence-advancedheading has-theme-palette-9-color has-text-color\" data-kb-block=\"kb-adv-heading_e228b4-82\">Legal notice<\/h1>\n\n\n<style>#kt-layout-id_d42dff-4a > .kt-row-column-wrap{align-content:start;}:where(#kt-layout-id_d42dff-4a > .kt-row-column-wrap) > .wp-block-kadence-column{justify-content:start;}#kt-layout-id_d42dff-4a > .kt-row-column-wrap{column-gap:var(--global-kb-gap-md, 2rem);row-gap:var(--global-kb-gap-md, 2rem);padding-top:25px;padding-bottom:25px;padding-top:var(--global-kb-spacing-sm, 1.5rem);padding-bottom:var(--global-kb-spacing-sm, 1.5rem);grid-template-columns:minmax(0, 1fr);}#kt-layout-id_d42dff-4a > .kt-row-layout-overlay{opacity:0.30;}@media all and (max-width: 1024px){#kt-layout-id_d42dff-4a > .kt-row-column-wrap{grid-template-columns:minmax(0, 1fr);}}@media all and (max-width: 767px){#kt-layout-id_d42dff-4a > .kt-row-column-wrap{grid-template-columns:minmax(0, 1fr);}}<\/style>\n<div class=\"wp-block-kadence-rowlayout alignnone\"><div id=\"kt-layout-id_d42dff-4a\" class=\"kt-row-layout-inner kt-layout-id_d42dff-4a\"><div class=\"kt-row-column-wrap kt-has-1-columns kt-gutter-default kt-v-gutter-default kt-row-valign-top kt-row-layout-equal kt-tab-layout-inherit kt-m-colapse-left-to-right kt-mobile-layout-row\"><style>.kadence-column_8ca44f-1a > .kt-inside-inner-col{border-top-width:0px;border-right-width:0px;border-bottom-width:0px;border-left-width:0px;}.kadence-column_8ca44f-1a > .kt-inside-inner-col,.kadence-column_8ca44f-1a > .kt-inside-inner-col:before{border-top-left-radius:0px;border-top-right-radius:0px;border-bottom-right-radius:0px;border-bottom-left-radius:0px;}.kadence-column_8ca44f-1a > .kt-inside-inner-col:before{opacity:0.3;}div:not(.kt-inside-inner-col) > .kadence-column_8ca44f-1a{position:relative;}<\/style>\n<div class=\"wp-block-kadence-column inner-column-1 kadence-column_8ca44f-1a\"><div class=\"kt-inside-inner-col\">\n<p class=\"has-theme-palette-1-color has-text-color\">Design and production : <br>Design : <\/p>\n\n\n\n<p class=\"has-theme-palette-1-color has-text-color\">Intellectual Property<\/p>\n\n\n\n<p class=\"has-theme-palette-1-color has-text-color\">In accordance with the laws governing intellectual property, the reproduction or use of the elements found in this website, in whole or in part, is strictly prohibited. Any total or partial representation of this site by any process whatsoever, without the express permission of the operator of the website is prohibited and would constitute an infringement punishable by articles L 335-2 and following of the Code of Intellectual Property.<\/p>\n<\/div><\/div>\n<\/div><\/div><\/div>\n<\/div><\/div>\n<\/div><\/div><\/div>","protected":false},"excerpt":{"rendered":"<p>Mentions l\u00e9gales Conception et r\u00e9alisation : Design : Propri\u00e9t\u00e9 Intellectuelle En accord avec les lois r\u00e9gissant la propri\u00e9t\u00e9 intellectuelle, la reproduction ou l&rsquo;utilisation des \u00e9l\u00e9ments se trouvant dans ce site Internet, en totalit\u00e9 ou en partie est strictement interdite. Toute repr\u00e9sentation totale ou partielle de ce site par quelque proc\u00e9d\u00e9 que ce soit, sans l&rsquo;autorisation&#8230;<\/p>","protected":false},"author":1,"featured_media":0,"parent":0,"menu_order":0,"comment_status":"closed","ping_status":"open","template":"","meta":{"_kad_blocks_custom_css":"","_kad_blocks_head_custom_js":"","_kad_blocks_body_custom_js":"","_kad_blocks_footer_custom_js":"","_kad_post_transparent":"disable","_kad_post_title":"hide","_kad_post_layout":"","_kad_post_sidebar_id":"","_kad_post_content_style":"unboxed","_kad_post_vertical_padding":"hide","_kad_post_feature":"","_kad_post_feature_position":"","_kad_post_header":false,"_kad_post_footer":false,"footnotes":""},"class_list":["post-3","page","type-page","status-publish","hentry"],"yoast_head":"<!-- This site is optimized with the Yoast SEO plugin v20.1 - https:\/\/yoast.com\/wordpress\/plugins\/seo\/ -->\n<title>Mentions l\u00e9gales - Benoit-Lison<\/title>\n<meta name=\"robots\" content=\"index, follow, max-snippet:-1, max-image-preview:large, max-video-preview:-1\" \/>\n<link rel=\"canonical\" href=\"https:\/\/www.benoit-lison.com\/en\/mentions-legales\/\" \/>\n<meta property=\"og:locale\" content=\"en_GB\" \/>\n<meta property=\"og:type\" content=\"article\" \/>\n<meta property=\"og:title\" content=\"Mentions l\u00e9gales - Benoit-Lison\" \/>\n<meta property=\"og:description\" content=\"Mentions l\u00e9gales Conception et r\u00e9alisation : Design : Propri\u00e9t\u00e9 Intellectuelle En accord avec les lois r\u00e9gissant la propri\u00e9t\u00e9 intellectuelle, la reproduction ou l&rsquo;utilisation des \u00e9l\u00e9ments se trouvant dans ce site Internet, en totalit\u00e9 ou en partie est strictement interdite. Toute repr\u00e9sentation totale ou partielle de ce site par quelque proc\u00e9d\u00e9 que ce soit, sans l&rsquo;autorisation...\" \/>\n<meta property=\"og:url\" content=\"https:\/\/www.benoit-lison.com\/en\/mentions-legales\/\" \/>\n<meta property=\"og:site_name\" content=\"Benoit Lison\" \/>\n<meta property=\"article:modified_time\" content=\"2023-02-09T14:37:23+00:00\" \/>\n<meta name=\"twitter:card\" content=\"summary_large_image\" \/>\n<meta name=\"twitter:label1\" content=\"Est. reading time\" \/>\n\t<meta name=\"twitter:data1\" content=\"1 minute\" \/>\n<script type=\"application\/ld+json\" class=\"yoast-schema-graph\">{\"@context\":\"https:\/\/schema.org\",\"@graph\":[{\"@type\":\"WebPage\",\"@id\":\"https:\/\/www.benoit-lison.com\/mentions-legales\/\",\"url\":\"https:\/\/www.benoit-lison.com\/mentions-legales\/\",\"name\":\"Mentions l\u00e9gales - Benoit-Lison\",\"isPartOf\":{\"@id\":\"https:\/\/www.benoit-lison.com\/#website\"},\"datePublished\":\"2022-11-12T06:28:23+00:00\",\"dateModified\":\"2023-02-09T14:37:23+00:00\",\"breadcrumb\":{\"@id\":\"https:\/\/www.benoit-lison.com\/mentions-legales\/#breadcrumb\"},\"inLanguage\":\"en-GB\",\"potentialAction\":[{\"@type\":\"ReadAction\",\"target\":[\"https:\/\/www.benoit-lison.com\/mentions-legales\/\"]}]},{\"@type\":\"BreadcrumbList\",\"@id\":\"https:\/\/www.benoit-lison.com\/mentions-legales\/#breadcrumb\",\"itemListElement\":[{\"@type\":\"ListItem\",\"position\":1,\"name\":\"Accueil\",\"item\":\"https:\/\/www.benoit-lison.com\/\"},{\"@type\":\"ListItem\",\"position\":2,\"name\":\"Mentions l\u00e9gales\"}]},{\"@type\":\"WebSite\",\"@id\":\"https:\/\/www.benoit-lison.com\/#website\",\"url\":\"https:\/\/www.benoit-lison.com\/\",\"name\":\"Benoit Lison\",\"description\":\"\",\"publisher\":{\"@id\":\"https:\/\/www.benoit-lison.com\/#organization\"},\"potentialAction\":[{\"@type\":\"SearchAction\",\"target\":{\"@type\":\"EntryPoint\",\"urlTemplate\":\"https:\/\/www.benoit-lison.com\/?s={search_term_string}\"},\"query-input\":\"required name=search_term_string\"}],\"inLanguage\":\"en-GB\"},{\"@type\":\"Organization\",\"@id\":\"https:\/\/www.benoit-lison.com\/#organization\",\"name\":\"Benoit Lison\",\"url\":\"https:\/\/www.benoit-lison.com\/\",\"logo\":{\"@type\":\"ImageObject\",\"inLanguage\":\"en-GB\",\"@id\":\"https:\/\/www.benoit-lison.com\/#\/schema\/logo\/image\/\",\"url\":\"https:\/\/www.benoit-lison.com\/wp-content\/uploads\/2023\/02\/cropped-Francois_Logo_NEG-fi2485789x2000-1.png\",\"contentUrl\":\"https:\/\/www.benoit-lison.com\/wp-content\/uploads\/2023\/02\/cropped-Francois_Logo_NEG-fi2485789x2000-1.png\",\"width\":336,\"height\":390,\"caption\":\"Benoit Lison\"},\"image\":{\"@id\":\"https:\/\/www.benoit-lison.com\/#\/schema\/logo\/image\/\"}}]}<\/script>\n<!-- \/ Yoast SEO plugin. -->","yoast_head_json":{"title":"Mentions l\u00e9gales - Benoit-Lison","robots":{"index":"index","follow":"follow","max-snippet":"max-snippet:-1","max-image-preview":"max-image-preview:large","max-video-preview":"max-video-preview:-1"},"canonical":"https:\/\/www.benoit-lison.com\/en\/mentions-legales\/","og_locale":"en_GB","og_type":"article","og_title":"Mentions l\u00e9gales - Benoit-Lison","og_description":"Mentions l\u00e9gales Conception et r\u00e9alisation : Design : Propri\u00e9t\u00e9 Intellectuelle En accord avec les lois r\u00e9gissant la propri\u00e9t\u00e9 intellectuelle, la reproduction ou l&rsquo;utilisation des \u00e9l\u00e9ments se trouvant dans ce site Internet, en totalit\u00e9 ou en partie est strictement interdite. Toute repr\u00e9sentation totale ou partielle de ce site par quelque proc\u00e9d\u00e9 que ce soit, sans l&rsquo;autorisation...","og_url":"https:\/\/www.benoit-lison.com\/en\/mentions-legales\/","og_site_name":"Benoit Lison","article_modified_time":"2023-02-09T14:37:23+00:00","twitter_card":"summary_large_image","twitter_misc":{"Est. reading time":"1 minute"},"schema":{"@context":"https:\/\/schema.org","@graph":[{"@type":"WebPage","@id":"https:\/\/www.benoit-lison.com\/mentions-legales\/","url":"https:\/\/www.benoit-lison.com\/mentions-legales\/","name":"Mentions l\u00e9gales - Benoit-Lison","isPartOf":{"@id":"https:\/\/www.benoit-lison.com\/#website"},"datePublished":"2022-11-12T06:28:23+00:00","dateModified":"2023-02-09T14:37:23+00:00","breadcrumb":{"@id":"https:\/\/www.benoit-lison.com\/mentions-legales\/#breadcrumb"},"inLanguage":"en-GB","potentialAction":[{"@type":"ReadAction","target":["https:\/\/www.benoit-lison.com\/mentions-legales\/"]}]},{"@type":"BreadcrumbList","@id":"https:\/\/www.benoit-lison.com\/mentions-legales\/#breadcrumb","itemListElement":[{"@type":"ListItem","position":1,"name":"Accueil","item":"https:\/\/www.benoit-lison.com\/"},{"@type":"ListItem","position":2,"name":"Mentions l\u00e9gales"}]},{"@type":"WebSite","@id":"https:\/\/www.benoit-lison.com\/#website","url":"https:\/\/www.benoit-lison.com\/","name":"Benoit Lison","description":"","publisher":{"@id":"https:\/\/www.benoit-lison.com\/#organization"},"potentialAction":[{"@type":"SearchAction","target":{"@type":"EntryPoint","urlTemplate":"https:\/\/www.benoit-lison.com\/?s={search_term_string}"},"query-input":"required name=search_term_string"}],"inLanguage":"en-GB"},{"@type":"Organization","@id":"https:\/\/www.benoit-lison.com\/#organization","name":"Benoit Lison","url":"https:\/\/www.benoit-lison.com\/","logo":{"@type":"ImageObject","inLanguage":"en-GB","@id":"https:\/\/www.benoit-lison.com\/#\/schema\/logo\/image\/","url":"https:\/\/www.benoit-lison.com\/wp-content\/uploads\/2023\/02\/cropped-Francois_Logo_NEG-fi2485789x2000-1.png","contentUrl":"https:\/\/www.benoit-lison.com\/wp-content\/uploads\/2023\/02\/cropped-Francois_Logo_NEG-fi2485789x2000-1.png","width":336,"height":390,"caption":"Benoit Lison"},"image":{"@id":"https:\/\/www.benoit-lison.com\/#\/schema\/logo\/image\/"}}]}},"featured_image_src_large":false,"author_info":{"display_name":"Whaz","author_link":"https:\/\/www.benoit-lison.com\/en\/author\/whaz\/"},"comment_info":0,"taxonomy_info":[],"_links":{"self":[{"href":"https:\/\/www.benoit-lison.com\/en\/wp-json\/wp\/v2\/pages\/3","targetHints":{"allow":["GET"]}}],"collection":[{"href":"https:\/\/www.benoit-lison.com\/en\/wp-json\/wp\/v2\/pages"}],"about":[{"href":"https:\/\/www.benoit-lison.com\/en\/wp-json\/wp\/v2\/types\/page"}],"author":[{"embeddable":true,"href":"https:\/\/www.benoit-lison.com\/en\/wp-json\/wp\/v2\/users\/1"}],"replies":[{"embeddable":true,"href":"https:\/\/www.benoit-lison.com\/en\/wp-json\/wp\/v2\/comments?post=3"}],"version-history":[{"count":5,"href":"https:\/\/www.benoit-lison.com\/en\/wp-json\/wp\/v2\/pages\/3\/revisions"}],"predecessor-version":[{"id":1239,"href":"https:\/\/www.benoit-lison.com\/en\/wp-json\/wp\/v2\/pages\/3\/revisions\/1239"}],"wp:attachment":[{"href":"https:\/\/www.benoit-lison.com\/en\/wp-json\/wp\/v2\/media?parent=3"}],"curies":[{"name":"wp","href":"https:\/\/api.w.org\/{rel}","templated":true}]}}