{"id":7,"date":"2022-01-14T14:21:13","date_gmt":"2022-01-14T14:21:13","guid":{"rendered":"https:\/\/kadence.pixel-show.com\/painting-course\/?page_id=7"},"modified":"2023-02-14T14:13:54","modified_gmt":"2023-02-14T14:13:54","slug":"accueil","status":"publish","type":"page","link":"https:\/\/www.benoit-lison.com\/en\/","title":{"rendered":"Home"},"content":{"rendered":"<style>#kt-layout-id_82aa46-98 > .kt-row-column-wrap{align-content:start;}:where(#kt-layout-id_82aa46-98 > .kt-row-column-wrap) > .wp-block-kadence-column{justify-content:start;}#kt-layout-id_82aa46-98 > .kt-row-column-wrap{column-gap:var(--global-kb-gap-md, 2rem);row-gap:var(--global-kb-gap-md, 2rem);max-width:var( --global-content-width, 1290px );padding-left:var(--global-content-edge-padding);padding-right:var(--global-content-edge-padding);padding-top:25px;padding-bottom:25px;padding-top:0px;padding-bottom:0px;min-height:100vh;grid-template-columns:minmax(0, 1fr);}#kt-layout-id_82aa46-98{background-color:#000000;}#kt-layout-id_82aa46-98 > .kt-row-layout-overlay{opacity:0.40;}@media all and (max-width: 1024px){#kt-layout-id_82aa46-98 > .kt-row-column-wrap{grid-template-columns:minmax(0, 1fr);}}@media all and (max-width: 767px){#kt-layout-id_82aa46-98 > .kt-row-column-wrap{grid-template-columns:minmax(0, 1fr);}}<\/style>\n<div class=\"wp-block-kadence-rowlayout alignfull\"><div id=\"kt-layout-id_82aa46-98\" class=\"kt-row-layout-inner kt-row-has-bg kt-layout-id_82aa46-98\"><div class=\"kt-row-column-wrap kt-has-1-columns kt-gutter-default kt-v-gutter-default kt-row-valign-top kt-row-layout-equal kt-tab-layout-inherit kt-m-colapse-left-to-right kt-mobile-layout-row kb-theme-content-width\"><style>.kadence-column_0e05f6-df > .kt-inside-inner-col{border-top-width:0px;border-right-width:0px;border-bottom-width:0px;border-left-width:0px;}.kadence-column_0e05f6-df > .kt-inside-inner-col,.kadence-column_0e05f6-df > .kt-inside-inner-col:before{border-top-left-radius:0px;border-top-right-radius:0px;border-bottom-right-radius:0px;border-bottom-left-radius:0px;}.kadence-column_0e05f6-df > .kt-inside-inner-col{justify-content:center;flex-direction:column;display:flex;}.kadence-column_0e05f6-df > .kt-inside-inner-col > .aligncenter{width:100%;}.kt-row-column-wrap > .kadence-column_0e05f6-df{align-self:center;}.kt-inner-column-height-full:not(.kt-has-1-columns) > .wp-block-kadence-column.kadence-column_0e05f6-df{align-self:auto;}.kt-inner-column-height-full:not(.kt-has-1-columns) > .wp-block-kadence-column.kadence-column_0e05f6-df > .kt-inside-inner-col{display:flex;flex-direction:column;justify-content:center;}.kadence-column_0e05f6-df > .kt-inside-inner-col:before{opacity:0.3;}div:not(.kt-inside-inner-col) > .kadence-column_0e05f6-df{position:relative;}<\/style>\n<div class=\"wp-block-kadence-column inner-column-1 kadence-column_0e05f6-df\"><div class=\"kt-inside-inner-col\"><style>.kb-image_5e723c-a7 img.kb-img, .kb-image_5e723c-a7 .kb-img img{border-top-style:solid;border-right-style:solid;border-bottom-style:solid;border-left-style:solid;}@media all and (max-width: 1024px){.kb-image_5e723c-a7 img.kb-img, .kb-image_5e723c-a7 .kb-img img{border-top-style:solid;border-right-style:solid;border-bottom-style:solid;border-left-style:solid;}}@media all and (max-width: 767px){.kb-image_5e723c-a7 img.kb-img, .kb-image_5e723c-a7 .kb-img img{border-top-style:solid;border-right-style:solid;border-bottom-style:solid;border-left-style:solid;}}<\/style>\n<div class=\"wp-block-kadence-image kb-image_5e723c-a7\" data-aos=\"flip-right\" data-aos-duration=\"1500\"><figure class=\"aligncenter size-medium_large\"><a href=\"https:\/\/www.benoit-lison.com\/en\/biographie\/\" class=\"kb-advanced-image-link\"><img loading=\"lazy\" decoding=\"async\" width=\"768\" height=\"891\" src=\"https:\/\/www.benoit-lison.com\/wp-content\/uploads\/2023\/02\/iO754Z93_4x-768x891.png\" alt=\"\" class=\"kb-img wp-image-1287\" srcset=\"https:\/\/www.benoit-lison.com\/wp-content\/uploads\/2023\/02\/iO754Z93_4x-768x891.png 768w, https:\/\/www.benoit-lison.com\/wp-content\/uploads\/2023\/02\/iO754Z93_4x-258x300.png 258w, https:\/\/www.benoit-lison.com\/wp-content\/uploads\/2023\/02\/iO754Z93_4x-882x1024.png 882w, https:\/\/www.benoit-lison.com\/wp-content\/uploads\/2023\/02\/iO754Z93_4x-1323x1536.png 1323w, https:\/\/www.benoit-lison.com\/wp-content\/uploads\/2023\/02\/iO754Z93_4x.png 1344w\" sizes=\"auto, (max-width: 768px) 100vw, 768px\" \/><\/a><\/figure><\/div>\n\n\n<style>.wp-block-kadence-advancedbtn.kb-btns_ec780f-0d{gap:var(--global-kb-gap-xs, 0.5rem );justify-content:center;align-items:center;}.kt-btns_ec780f-0d .kt-button{font-weight:normal;font-style:normal;}.kt-btns_ec780f-0d .kt-btn-wrap-0{margin-right:5px;}.wp-block-kadence-advancedbtn.kt-btns_ec780f-0d .kt-btn-wrap-0 .kt-button{color:var(--global-palette9, #ffffff);border-color:var(--global-palette9, #ffffff);}.wp-block-kadence-advancedbtn.kt-btns_ec780f-0d .kt-btn-wrap-0 .kt-button:hover, .wp-block-kadence-advancedbtn.kt-btns_ec780f-0d .kt-btn-wrap-0 .kt-button:focus{color:#000000;border-color:var(--global-palette9, #ffffff);}.wp-block-kadence-advancedbtn.kt-btns_ec780f-0d .kt-btn-wrap-0 .kt-button::before{display:none;}.wp-block-kadence-advancedbtn.kt-btns_ec780f-0d .kt-btn-wrap-0 .kt-button:hover, .wp-block-kadence-advancedbtn.kt-btns_ec780f-0d .kt-btn-wrap-0 .kt-button:focus{background:var(--global-palette9, #ffffff);}<\/style>\n<div class=\"wp-block-kadence-advancedbtn kt-btn-align-center kt-btn-tablet-align-inherit kt-btn-mobile-align-inherit kt-btns-wrap kt-btns_ec780f-0d\"><div class=\"kt-btn-wrap kt-btn-wrap-0\"><a class=\"kt-button button kt-btn-0-action kt-btn-size-standard kt-btn-style-basic kt-btn-svg-show-always kt-btn-has-text-true kt-btn-has-svg-true\" href=\"https:\/\/www.benoit-lison.com\/en\/biographie\/\"><span class=\"kt-btn-inner-text\">Fran\u00e7ois Benoit-Lison<\/span><div style=\"display:inline-flex;justify-content:center;align-items:center\" class=\"kt-btn-svg-icon kt-btn-svg-icon-fas_chevron-right kt-btn-side-right\"><svg style=\"display:inline-block;vertical-align:middle\" viewbox=\"0 0 320 512\" height=\"1em\" width=\"1em\" fill=\"currentColor\" xmlns=\"http:\/\/www.w3.org\/2000\/svg\"><path d=\"M285.476 272.971L91.132 467.314c-9.373 9.373-24.569 9.373-33.941 0l-22.667-22.667c-9.357-9.357-9.375-24.522-.04-33.901L188.505 256 34.484 101.255c-9.335-9.379-9.317-24.544.04-33.901l22.667-22.667c9.373-9.373 24.569-9.373 33.941 0L285.475 239.03c9.373 9.372 9.373 24.568.001 33.941z\"><\/path><\/svg><\/div><\/a><\/div><\/div>\n<\/div><\/div>\n<\/div><\/div><\/div>","protected":false},"excerpt":{"rendered":"","protected":false},"author":1,"featured_media":0,"parent":0,"menu_order":0,"comment_status":"closed","ping_status":"closed","template":"","meta":{"_kad_blocks_custom_css":"","_kad_blocks_head_custom_js":"","_kad_blocks_body_custom_js":"","_kad_blocks_footer_custom_js":"","_kad_post_transparent":"disable","_kad_post_title":"hide","_kad_post_layout":"fullwidth","_kad_post_sidebar_id":"","_kad_post_content_style":"unboxed","_kad_post_vertical_padding":"hide","_kad_post_feature":"hide","_kad_post_feature_position":"","_kad_post_header":true,"_kad_post_footer":true,"footnotes":""},"class_list":["post-7","page","type-page","status-publish","hentry"],"yoast_head":"<!-- This site is optimized with the Yoast SEO plugin v20.1 - https:\/\/yoast.com\/wordpress\/plugins\/seo\/ -->\n<title>Bienvenue sur Fran\u00e7ois BENOIT LISON<\/title>\n<meta name=\"description\" content=\"D\u00e9couvrez l&#039;art abstrait de Benoit Lison, inspir\u00e9 par le noir qui r\u00e8gne en ma\u00eetre. D\u00e9couvrez ses \u0153uvres empreintes de recherche, de r\u00e9flexion et de philosophie\" \/>\n<meta name=\"robots\" content=\"index, follow, max-snippet:-1, max-image-preview:large, max-video-preview:-1\" \/>\n<link rel=\"canonical\" href=\"https:\/\/www.benoit-lison.com\/en\/\" \/>\n<meta property=\"og:locale\" content=\"en_GB\" \/>\n<meta property=\"og:type\" content=\"article\" \/>\n<meta property=\"og:title\" content=\"Bienvenue sur Fran\u00e7ois BENOIT LISON\" \/>\n<meta property=\"og:description\" content=\"D\u00e9couvrez l&#039;art abstrait de Benoit Lison, inspir\u00e9 par le noir qui r\u00e8gne en ma\u00eetre. D\u00e9couvrez ses \u0153uvres empreintes de recherche, de r\u00e9flexion et de philosophie\" \/>\n<meta property=\"og:url\" content=\"https:\/\/www.benoit-lison.com\/en\/\" \/>\n<meta property=\"og:site_name\" content=\"Benoit Lison\" \/>\n<meta property=\"article:modified_time\" content=\"2023-02-14T14:13:54+00:00\" \/>\n<meta property=\"og:image\" content=\"https:\/\/www.benoit-lison.com\/wp-content\/uploads\/2023\/02\/iO754Z93_4x-768x891.png\" \/>\n<meta name=\"twitter:card\" content=\"summary_large_image\" \/>\n<meta name=\"twitter:label1\" content=\"Est. reading time\" \/>\n\t<meta name=\"twitter:data1\" content=\"1 minute\" \/>\n<script type=\"application\/ld+json\" class=\"yoast-schema-graph\">{\"@context\":\"https:\/\/schema.org\",\"@graph\":[{\"@type\":\"WebPage\",\"@id\":\"https:\/\/www.benoit-lison.com\/\",\"url\":\"https:\/\/www.benoit-lison.com\/\",\"name\":\"Bienvenue sur Fran\u00e7ois BENOIT LISON\",\"isPartOf\":{\"@id\":\"https:\/\/www.benoit-lison.com\/#website\"},\"datePublished\":\"2022-01-14T14:21:13+00:00\",\"dateModified\":\"2023-02-14T14:13:54+00:00\",\"description\":\"D\u00e9couvrez l'art abstrait de Benoit Lison, inspir\u00e9 par le noir qui r\u00e8gne en ma\u00eetre. D\u00e9couvrez ses \u0153uvres empreintes de recherche, de r\u00e9flexion et de philosophie\",\"breadcrumb\":{\"@id\":\"https:\/\/www.benoit-lison.com\/#breadcrumb\"},\"inLanguage\":\"en-GB\",\"potentialAction\":[{\"@type\":\"ReadAction\",\"target\":[\"https:\/\/www.benoit-lison.com\/\"]}]},{\"@type\":\"BreadcrumbList\",\"@id\":\"https:\/\/www.benoit-lison.com\/#breadcrumb\",\"itemListElement\":[{\"@type\":\"ListItem\",\"position\":1,\"name\":\"Accueil\",\"item\":\"https:\/\/www.benoit-lison.com\/\"},{\"@type\":\"ListItem\",\"position\":2,\"name\":\"Accueil\"}]},{\"@type\":\"WebSite\",\"@id\":\"https:\/\/www.benoit-lison.com\/#website\",\"url\":\"https:\/\/www.benoit-lison.com\/\",\"name\":\"Benoit Lison\",\"description\":\"\",\"publisher\":{\"@id\":\"https:\/\/www.benoit-lison.com\/#organization\"},\"potentialAction\":[{\"@type\":\"SearchAction\",\"target\":{\"@type\":\"EntryPoint\",\"urlTemplate\":\"https:\/\/www.benoit-lison.com\/?s={search_term_string}\"},\"query-input\":\"required name=search_term_string\"}],\"inLanguage\":\"en-GB\"},{\"@type\":\"Organization\",\"@id\":\"https:\/\/www.benoit-lison.com\/#organization\",\"name\":\"Benoit Lison\",\"url\":\"https:\/\/www.benoit-lison.com\/\",\"logo\":{\"@type\":\"ImageObject\",\"inLanguage\":\"en-GB\",\"@id\":\"https:\/\/www.benoit-lison.com\/#\/schema\/logo\/image\/\",\"url\":\"https:\/\/www.benoit-lison.com\/wp-content\/uploads\/2023\/02\/cropped-Francois_Logo_NEG-fi2485789x2000-1.png\",\"contentUrl\":\"https:\/\/www.benoit-lison.com\/wp-content\/uploads\/2023\/02\/cropped-Francois_Logo_NEG-fi2485789x2000-1.png\",\"width\":336,\"height\":390,\"caption\":\"Benoit Lison\"},\"image\":{\"@id\":\"https:\/\/www.benoit-lison.com\/#\/schema\/logo\/image\/\"}}]}<\/script>\n<!-- \/ Yoast SEO plugin. -->","yoast_head_json":{"title":"Bienvenue sur Fran\u00e7ois BENOIT LISON","description":"D\u00e9couvrez l'art abstrait de Benoit Lison, inspir\u00e9 par le noir qui r\u00e8gne en ma\u00eetre. D\u00e9couvrez ses \u0153uvres empreintes de recherche, de r\u00e9flexion et de philosophie","robots":{"index":"index","follow":"follow","max-snippet":"max-snippet:-1","max-image-preview":"max-image-preview:large","max-video-preview":"max-video-preview:-1"},"canonical":"https:\/\/www.benoit-lison.com\/en\/","og_locale":"en_GB","og_type":"article","og_title":"Bienvenue sur Fran\u00e7ois BENOIT LISON","og_description":"D\u00e9couvrez l'art abstrait de Benoit Lison, inspir\u00e9 par le noir qui r\u00e8gne en ma\u00eetre. D\u00e9couvrez ses \u0153uvres empreintes de recherche, de r\u00e9flexion et de philosophie","og_url":"https:\/\/www.benoit-lison.com\/en\/","og_site_name":"Benoit Lison","article_modified_time":"2023-02-14T14:13:54+00:00","og_image":[{"url":"https:\/\/www.benoit-lison.com\/wp-content\/uploads\/2023\/02\/iO754Z93_4x-768x891.png"}],"twitter_card":"summary_large_image","twitter_misc":{"Est. reading time":"1 minute"},"schema":{"@context":"https:\/\/schema.org","@graph":[{"@type":"WebPage","@id":"https:\/\/www.benoit-lison.com\/","url":"https:\/\/www.benoit-lison.com\/","name":"Bienvenue sur Fran\u00e7ois BENOIT LISON","isPartOf":{"@id":"https:\/\/www.benoit-lison.com\/#website"},"datePublished":"2022-01-14T14:21:13+00:00","dateModified":"2023-02-14T14:13:54+00:00","description":"D\u00e9couvrez l'art abstrait de Benoit Lison, inspir\u00e9 par le noir qui r\u00e8gne en ma\u00eetre. D\u00e9couvrez ses \u0153uvres empreintes de recherche, de r\u00e9flexion et de philosophie","breadcrumb":{"@id":"https:\/\/www.benoit-lison.com\/#breadcrumb"},"inLanguage":"en-GB","potentialAction":[{"@type":"ReadAction","target":["https:\/\/www.benoit-lison.com\/"]}]},{"@type":"BreadcrumbList","@id":"https:\/\/www.benoit-lison.com\/#breadcrumb","itemListElement":[{"@type":"ListItem","position":1,"name":"Accueil","item":"https:\/\/www.benoit-lison.com\/"},{"@type":"ListItem","position":2,"name":"Accueil"}]},{"@type":"WebSite","@id":"https:\/\/www.benoit-lison.com\/#website","url":"https:\/\/www.benoit-lison.com\/","name":"Benoit Lison","description":"","publisher":{"@id":"https:\/\/www.benoit-lison.com\/#organization"},"potentialAction":[{"@type":"SearchAction","target":{"@type":"EntryPoint","urlTemplate":"https:\/\/www.benoit-lison.com\/?s={search_term_string}"},"query-input":"required name=search_term_string"}],"inLanguage":"en-GB"},{"@type":"Organization","@id":"https:\/\/www.benoit-lison.com\/#organization","name":"Benoit Lison","url":"https:\/\/www.benoit-lison.com\/","logo":{"@type":"ImageObject","inLanguage":"en-GB","@id":"https:\/\/www.benoit-lison.com\/#\/schema\/logo\/image\/","url":"https:\/\/www.benoit-lison.com\/wp-content\/uploads\/2023\/02\/cropped-Francois_Logo_NEG-fi2485789x2000-1.png","contentUrl":"https:\/\/www.benoit-lison.com\/wp-content\/uploads\/2023\/02\/cropped-Francois_Logo_NEG-fi2485789x2000-1.png","width":336,"height":390,"caption":"Benoit Lison"},"image":{"@id":"https:\/\/www.benoit-lison.com\/#\/schema\/logo\/image\/"}}]}},"featured_image_src_large":false,"author_info":{"display_name":"Whaz","author_link":"https:\/\/www.benoit-lison.com\/en\/author\/whaz\/"},"comment_info":0,"taxonomy_info":[],"_links":{"self":[{"href":"https:\/\/www.benoit-lison.com\/en\/wp-json\/wp\/v2\/pages\/7","targetHints":{"allow":["GET"]}}],"collection":[{"href":"https:\/\/www.benoit-lison.com\/en\/wp-json\/wp\/v2\/pages"}],"about":[{"href":"https:\/\/www.benoit-lison.com\/en\/wp-json\/wp\/v2\/types\/page"}],"author":[{"embeddable":true,"href":"https:\/\/www.benoit-lison.com\/en\/wp-json\/wp\/v2\/users\/1"}],"replies":[{"embeddable":true,"href":"https:\/\/www.benoit-lison.com\/en\/wp-json\/wp\/v2\/comments?post=7"}],"version-history":[{"count":38,"href":"https:\/\/www.benoit-lison.com\/en\/wp-json\/wp\/v2\/pages\/7\/revisions"}],"predecessor-version":[{"id":1295,"href":"https:\/\/www.benoit-lison.com\/en\/wp-json\/wp\/v2\/pages\/7\/revisions\/1295"}],"wp:attachment":[{"href":"https:\/\/www.benoit-lison.com\/en\/wp-json\/wp\/v2\/media?parent=7"}],"curies":[{"name":"wp","href":"https:\/\/api.w.org\/{rel}","templated":true}]}}