{"id":799,"date":"2022-02-02T20:11:35","date_gmt":"2022-02-02T20:11:35","guid":{"rendered":"https:\/\/startertemplatecloud.com\/g35\/?page_id=799"},"modified":"2025-04-01T15:57:07","modified_gmt":"2025-04-01T15:57:07","slug":"biographie","status":"publish","type":"page","link":"https:\/\/www.benoit-lison.com\/en\/biographie\/","title":{"rendered":"Biography"},"content":{"rendered":"<style>.kb-row-layout-id_ed6a7c-08 > .kt-row-column-wrap{align-content:start;}:where(.kb-row-layout-id_ed6a7c-08 > .kt-row-column-wrap) > .wp-block-kadence-column{justify-content:start;}.kb-row-layout-id_ed6a7c-08 > .kt-row-column-wrap{column-gap:var(--global-kb-gap-md, 2rem);row-gap:var(--global-kb-gap-md, 2rem);max-width:var( --global-content-width, 1290px );padding-left:var(--global-content-edge-padding);padding-right:var(--global-content-edge-padding);padding-top:40px;padding-bottom:25px;grid-template-columns:minmax(0, 1fr);}.kb-row-layout-id_ed6a7c-08{background-color:#000000;}.kb-row-layout-id_ed6a7c-08 > .kt-row-layout-overlay{opacity:0.40;background-image:url('https:\/\/www.benoit-lison.com\/wp-content\/uploads\/2023\/02\/iO754Z93_4x.png');background-size:contain;background-position:50% 50%;background-attachment:fixed;background-repeat:no-repeat;mix-blend-mode:normal;}@media all and (max-width: 1024px){.kb-row-layout-id_ed6a7c-08 > .kt-row-column-wrap{grid-template-columns:minmax(0, 1fr);}}@media all and (max-width: 767px){.kb-row-layout-id_ed6a7c-08 > .kt-row-column-wrap{grid-template-columns:minmax(0, 1fr);}}<\/style><div class=\"kb-row-layout-wrap kb-row-layout-id_ed6a7c-08 alignfull kt-row-has-bg wp-block-kadence-rowlayout\"><div class=\"kt-row-layout-overlay kt-row-overlay-normal\"><\/div><div class=\"kt-row-column-wrap kt-has-1-columns kt-row-layout-equal kt-tab-layout-inherit kt-mobile-layout-row kt-row-valign-top kb-theme-content-width\">\n<style>.kadence-column_cf409a-36 > .kt-inside-inner-col,.kadence-column_cf409a-36 > .kt-inside-inner-col:before{border-top-left-radius:0px;border-top-right-radius:0px;border-bottom-right-radius:0px;border-bottom-left-radius:0px;}.kadence-column_cf409a-36 > .kt-inside-inner-col:before{opacity:0.3;}div:not(.kt-inside-inner-col) > .kadence-column_cf409a-36{position:relative;}<\/style>\n<div class=\"wp-block-kadence-column kadence-column_cf409a-36 inner-column-1\"><div class=\"kt-inside-inner-col\"><style>.wp-block-kadence-advancedheading.kt-adv-heading_fcfc24-87, .wp-block-kadence-advancedheading.kt-adv-heading_fcfc24-87[data-kb-block=\"kb-adv-heading_fcfc24-87\"]{text-align:center;font-style:normal;}.wp-block-kadence-advancedheading.kt-adv-heading_fcfc24-87 mark, .wp-block-kadence-advancedheading.kt-adv-heading_fcfc24-87[data-kb-block=\"kb-adv-heading_fcfc24-87\"] mark{font-style:normal;color:#f76a0c;padding-top:0px;padding-right:0px;padding-bottom:0px;padding-left:0px;}<\/style>\n<h1 class=\"kt-adv-heading_fcfc24-87 wp-block-kadence-advancedheading has-theme-palette-9-color has-text-color\" data-kb-block=\"kb-adv-heading_fcfc24-87\">Fran\u00e7ois <strong>BENOIT-LISON<\/strong><\/h1>\n\n\n<style>.kb-row-layout-id_5bec93-b9 > .kt-row-column-wrap{align-content:start;}:where(.kb-row-layout-id_5bec93-b9 > .kt-row-column-wrap) > .wp-block-kadence-column{justify-content:start;}.kb-row-layout-id_5bec93-b9 > .kt-row-column-wrap{column-gap:var(--global-kb-gap-md, 2rem);row-gap:var(--global-kb-gap-md, 2rem);max-width:var( --global-content-width, 1290px );padding-left:var(--global-content-edge-padding);padding-right:var(--global-content-edge-padding);padding-top:var(--global-kb-spacing-sm, 1.5rem);padding-bottom:var(--global-kb-spacing-sm, 1.5rem);grid-template-columns:repeat(2, minmax(0, 1fr));}.kb-row-layout-id_5bec93-b9 > .kt-row-layout-overlay{opacity:0.30;}@media all and (max-width: 1024px){.kb-row-layout-id_5bec93-b9 > .kt-row-column-wrap{grid-template-columns:repeat(2, minmax(0, 1fr));}}@media all and (max-width: 767px){.kb-row-layout-id_5bec93-b9 > .kt-row-column-wrap{grid-template-columns:minmax(0, 1fr);}}<\/style><div class=\"kb-row-layout-wrap kb-row-layout-id_5bec93-b9 alignnone wp-block-kadence-rowlayout\"><div class=\"kt-row-column-wrap kt-has-2-columns kt-row-layout-equal kt-tab-layout-inherit kt-mobile-layout-row kt-row-valign-top kb-theme-content-width\">\n<style>.kadence-column_bd351c-e6 > .kt-inside-inner-col,.kadence-column_bd351c-e6 > .kt-inside-inner-col:before{border-top-left-radius:0px;border-top-right-radius:0px;border-bottom-right-radius:0px;border-bottom-left-radius:0px;}.kadence-column_bd351c-e6 > .kt-inside-inner-col:before{opacity:0.3;}div:not(.kt-inside-inner-col) > .kadence-column_bd351c-e6{position:relative;}<\/style>\n<div class=\"wp-block-kadence-column kadence-column_bd351c-e6 inner-column-1\"><div class=\"kt-inside-inner-col\"><style>.wp-block-kadence-advancedheading.kt-adv-heading_a3d171-c5, .wp-block-kadence-advancedheading.kt-adv-heading_a3d171-c5[data-kb-block=\"kb-adv-heading_a3d171-c5\"]{font-style:normal;}.wp-block-kadence-advancedheading.kt-adv-heading_a3d171-c5 mark, .wp-block-kadence-advancedheading.kt-adv-heading_a3d171-c5[data-kb-block=\"kb-adv-heading_a3d171-c5\"] mark{font-style:normal;color:#f76a0c;padding-top:0px;padding-right:0px;padding-bottom:0px;padding-left:0px;}<\/style>\n<p class=\"kt-adv-heading_a3d171-c5 wp-block-kadence-advancedheading has-theme-palette-9-color has-text-color\" data-kb-block=\"kb-adv-heading_a3d171-c5\">Born in Granville on April 14, 1968.<\/p>\n\n\n<style>.wp-block-kadence-advancedheading.kt-adv-heading_5538ad-b4, .wp-block-kadence-advancedheading.kt-adv-heading_5538ad-b4[data-kb-block=\"kb-adv-heading_5538ad-b4\"]{font-style:normal;}.wp-block-kadence-advancedheading.kt-adv-heading_5538ad-b4 mark, .wp-block-kadence-advancedheading.kt-adv-heading_5538ad-b4[data-kb-block=\"kb-adv-heading_5538ad-b4\"] mark{font-style:normal;color:#f76a0c;padding-top:0px;padding-right:0px;padding-bottom:0px;padding-left:0px;}<\/style>\n<p class=\"kt-adv-heading_5538ad-b4 wp-block-kadence-advancedheading has-theme-palette-9-color has-text-color\" data-kb-block=\"kb-adv-heading_5538ad-b4\">Initially inspired by a figurative approach, this one gradually evolved to give way to an abstraction at first lyrical then more contrasted where the black reigns as absolute master.<\/p>\n\n\n<style>.kb-image_1e5b50-2b.kb-image-is-ratio-size, .kb-image_1e5b50-2b .kb-image-is-ratio-size{max-width:292px;width:100%;}.kb-image_1e5b50-2b figure{max-width:292px;}.kb-image_1e5b50-2b img.kb-img, .kb-image_1e5b50-2b .kb-img img{border-top-style:solid;border-right-style:solid;border-bottom-style:solid;border-left-style:solid;border-top-left-radius:15px;border-top-right-radius:15px;border-bottom-right-radius:15px;border-bottom-left-radius:15px;}@media all and (max-width: 1024px){.kb-image_1e5b50-2b img.kb-img, .kb-image_1e5b50-2b .kb-img img{border-top-style:solid;border-right-style:solid;border-bottom-style:solid;border-left-style:solid;}}@media all and (max-width: 767px){.kb-image_1e5b50-2b img.kb-img, .kb-image_1e5b50-2b .kb-img img{border-top-style:solid;border-right-style:solid;border-bottom-style:solid;border-left-style:solid;}}<\/style>\n<div class=\"wp-block-kadence-image kb-image_1e5b50-2b\"><figure class=\"aligncenter size-large\"><img loading=\"lazy\" decoding=\"async\" width=\"683\" height=\"1024\" src=\"https:\/\/www.benoit-lison.com\/wp-content\/uploads\/2025\/04\/IMG_4377_edit-3-683x1024.jpeg\" alt=\"\" class=\"kb-img wp-image-1416\" srcset=\"https:\/\/www.benoit-lison.com\/wp-content\/uploads\/2025\/04\/IMG_4377_edit-3-683x1024.jpeg 683w, https:\/\/www.benoit-lison.com\/wp-content\/uploads\/2025\/04\/IMG_4377_edit-3-200x300.jpeg 200w, https:\/\/www.benoit-lison.com\/wp-content\/uploads\/2025\/04\/IMG_4377_edit-3-768x1152.jpeg 768w, https:\/\/www.benoit-lison.com\/wp-content\/uploads\/2025\/04\/IMG_4377_edit-3-1024x1536.jpeg 1024w, https:\/\/www.benoit-lison.com\/wp-content\/uploads\/2025\/04\/IMG_4377_edit-3-8x12.jpeg 8w, https:\/\/www.benoit-lison.com\/wp-content\/uploads\/2025\/04\/IMG_4377_edit-3.jpeg 1134w\" sizes=\"auto, (max-width: 683px) 100vw, 683px\" \/><\/figure><\/div>\n<\/div><\/div>\n\n\n<style>.kadence-column_183151-92 > .kt-inside-inner-col,.kadence-column_183151-92 > .kt-inside-inner-col:before{border-top-left-radius:0px;border-top-right-radius:0px;border-bottom-right-radius:0px;border-bottom-left-radius:0px;}.kadence-column_183151-92 > .kt-inside-inner-col:before{opacity:0.3;}div:not(.kt-inside-inner-col) > .kadence-column_183151-92{position:relative;}<\/style>\n<div class=\"wp-block-kadence-column kadence-column_183151-92 inner-column-2\"><div class=\"kt-inside-inner-col\"><div class=\"wp-block-image\">\n<figure class=\"aligncenter size-large is-resized\"><img loading=\"lazy\" decoding=\"async\" width=\"768\" height=\"1024\" src=\"https:\/\/www.benoit-lison.com\/wp-content\/uploads\/2025\/04\/Continuum_130x97_BB_100124-copie-768x1024.jpeg\" alt=\"\" class=\"wp-image-1421\" style=\"aspect-ratio:0.751984126984127;width:325px;height:auto\" srcset=\"https:\/\/www.benoit-lison.com\/wp-content\/uploads\/2025\/04\/Continuum_130x97_BB_100124-copie-768x1024.jpeg 768w, https:\/\/www.benoit-lison.com\/wp-content\/uploads\/2025\/04\/Continuum_130x97_BB_100124-copie-225x300.jpeg 225w, https:\/\/www.benoit-lison.com\/wp-content\/uploads\/2025\/04\/Continuum_130x97_BB_100124-copie-1152x1536.jpeg 1152w, https:\/\/www.benoit-lison.com\/wp-content\/uploads\/2025\/04\/Continuum_130x97_BB_100124-copie-1536x2048.jpeg 1536w, https:\/\/www.benoit-lison.com\/wp-content\/uploads\/2025\/04\/Continuum_130x97_BB_100124-copie-9x12.jpeg 9w, https:\/\/www.benoit-lison.com\/wp-content\/uploads\/2025\/04\/Continuum_130x97_BB_100124-copie-scaled.jpeg 1920w\" sizes=\"auto, (max-width: 768px) 100vw, 768px\" \/><figcaption class=\"wp-element-caption\">Continuum 130&#215;97 BB 10\/01\/2024<\/figcaption><\/figure>\n<\/div>\n\n<style>.wp-block-kadence-advancedheading.kt-adv-heading_214dfd-5d, .wp-block-kadence-advancedheading.kt-adv-heading_214dfd-5d[data-kb-block=\"kb-adv-heading_214dfd-5d\"]{font-style:normal;}.wp-block-kadence-advancedheading.kt-adv-heading_214dfd-5d mark, .wp-block-kadence-advancedheading.kt-adv-heading_214dfd-5d[data-kb-block=\"kb-adv-heading_214dfd-5d\"] mark{font-style:normal;color:#f76a0c;padding-top:0px;padding-right:0px;padding-bottom:0px;padding-left:0px;}<\/style>\n<p class=\"kt-adv-heading_214dfd-5d wp-block-kadence-advancedheading has-theme-palette-9-color has-text-color\" data-kb-block=\"kb-adv-heading_214dfd-5d\">Black is his color, sometimes dark, sometimes bright, without limit, it can be dominant and become soft. It can accept the meeting with other colors but remains the main thread.&nbsp;<\/p>\n<\/div><\/div>\n\n<\/div><\/div>\n\n<style>.kb-row-layout-id_202534-74 > .kt-row-column-wrap{align-content:start;}:where(.kb-row-layout-id_202534-74 > .kt-row-column-wrap) > .wp-block-kadence-column{justify-content:start;}.kb-row-layout-id_202534-74 > .kt-row-column-wrap{column-gap:var(--global-kb-gap-md, 2rem);row-gap:var(--global-kb-gap-md, 2rem);max-width:var( --global-content-width, 1290px );padding-left:var(--global-content-edge-padding);padding-right:var(--global-content-edge-padding);padding-top:20px;padding-bottom:25px;grid-template-columns:minmax(0, 1fr);}.kb-row-layout-id_202534-74 > .kt-row-layout-overlay{opacity:0.30;}@media all and (max-width: 1024px){.kb-row-layout-id_202534-74 > .kt-row-column-wrap{grid-template-columns:minmax(0, 1fr);}}@media all and (max-width: 767px){.kb-row-layout-id_202534-74 > .kt-row-column-wrap{grid-template-columns:minmax(0, 1fr);}}<\/style><div class=\"kb-row-layout-wrap kb-row-layout-id_202534-74 alignnone wp-block-kadence-rowlayout\"><div class=\"kt-row-column-wrap kt-has-1-columns kt-row-layout-equal kt-tab-layout-inherit kt-mobile-layout-row kt-row-valign-top kb-theme-content-width\">\n<style>.kadence-column_5bf295-0b > .kt-inside-inner-col,.kadence-column_5bf295-0b > .kt-inside-inner-col:before{border-top-left-radius:0px;border-top-right-radius:0px;border-bottom-right-radius:0px;border-bottom-left-radius:0px;}.kadence-column_5bf295-0b > .kt-inside-inner-col:before{opacity:0.3;}div:not(.kt-inside-inner-col) > .kadence-column_5bf295-0b{position:relative;}<\/style>\n<div class=\"wp-block-kadence-column kadence-column_5bf295-0b inner-column-1\"><div class=\"kt-inside-inner-col\"><style>.wp-block-kadence-advancedheading.kt-adv-heading_ed42ff-58, .wp-block-kadence-advancedheading.kt-adv-heading_ed42ff-58[data-kb-block=\"kb-adv-heading_ed42ff-58\"]{font-style:normal;}.wp-block-kadence-advancedheading.kt-adv-heading_ed42ff-58 mark, .wp-block-kadence-advancedheading.kt-adv-heading_ed42ff-58[data-kb-block=\"kb-adv-heading_ed42ff-58\"] mark{font-style:normal;color:#f76a0c;padding-top:0px;padding-right:0px;padding-bottom:0px;padding-left:0px;}<\/style>\n<p class=\"kt-adv-heading_ed42ff-58 wp-block-kadence-advancedheading has-theme-palette-9-color has-text-color\" data-kb-block=\"kb-adv-heading_ed42ff-58\">After acrylic and oil, tar opens another door to the abstract, much deeper and more contemporary, with the possibility of working with this material in several aspects and forms. The painter thus gives to black its different values and explosions, according to variations which are infinite.Always in search, the lacquers are added to the panel giving softer works, with more transparency, without abandoning the density, timelessness.<\/p>\n\n\n<style>.kb-image_86c166-39 img.kb-img, .kb-image_86c166-39 .kb-img img{border-top-style:solid;border-right-style:solid;border-bottom-style:solid;border-left-style:solid;border-top-left-radius:15px;border-top-right-radius:15px;border-bottom-right-radius:15px;border-bottom-left-radius:15px;}@media all and (max-width: 1024px){.kb-image_86c166-39 img.kb-img, .kb-image_86c166-39 .kb-img img{border-top-style:solid;border-right-style:solid;border-bottom-style:solid;border-left-style:solid;}}@media all and (max-width: 767px){.kb-image_86c166-39 img.kb-img, .kb-image_86c166-39 .kb-img img{border-top-style:solid;border-right-style:solid;border-bottom-style:solid;border-left-style:solid;}}<\/style>\n<div class=\"wp-block-kadence-image kb-image_86c166-39\"><figure class=\"aligncenter size-large\"><img loading=\"lazy\" decoding=\"async\" width=\"1024\" height=\"948\" src=\"https:\/\/www.benoit-lison.com\/wp-content\/uploads\/2023\/03\/CatalogueRaisonne_10092022-1024x948.jpeg\" alt=\"\" class=\"kb-img wp-image-1347\" srcset=\"https:\/\/www.benoit-lison.com\/wp-content\/uploads\/2023\/03\/CatalogueRaisonne_10092022-1024x948.jpeg 1024w, https:\/\/www.benoit-lison.com\/wp-content\/uploads\/2023\/03\/CatalogueRaisonne_10092022-300x278.jpeg 300w, https:\/\/www.benoit-lison.com\/wp-content\/uploads\/2023\/03\/CatalogueRaisonne_10092022-768x711.jpeg 768w, https:\/\/www.benoit-lison.com\/wp-content\/uploads\/2023\/03\/CatalogueRaisonne_10092022-1536x1423.jpeg 1536w, https:\/\/www.benoit-lison.com\/wp-content\/uploads\/2023\/03\/CatalogueRaisonne_10092022-2048x1897.jpeg 2048w, https:\/\/www.benoit-lison.com\/wp-content\/uploads\/2023\/03\/CatalogueRaisonne_10092022-13x12.jpeg 13w\" sizes=\"auto, (max-width: 1024px) 100vw, 1024px\" \/><figcaption><mark style=\"background-color:rgba(0, 0, 0, 0)\" class=\"has-inline-color has-theme-palette-1-color\">Catalogue raisonn\u00e9 1998\/2021<\/mark> <mark style=\"background-color:rgba(0, 0, 0, 0)\" class=\"has-inline-color has-theme-palette-1-color\">\u00e9dit\u00e9 par\/et disponible: Galerie Sarto<\/mark> <mark style=\"background-color:rgba(0, 0, 0, 0)\" class=\"has-inline-color has-theme-palette-1-color\">Paris<\/mark><\/figcaption><\/figure><\/div>\n\n\n\n<p><\/p>\n\n\n<style>.wp-block-kadence-advancedheading.kt-adv-heading_9a8f22-57, .wp-block-kadence-advancedheading.kt-adv-heading_9a8f22-57[data-kb-block=\"kb-adv-heading_9a8f22-57\"]{font-style:normal;}.wp-block-kadence-advancedheading.kt-adv-heading_9a8f22-57 mark, .wp-block-kadence-advancedheading.kt-adv-heading_9a8f22-57[data-kb-block=\"kb-adv-heading_9a8f22-57\"] mark{font-style:normal;color:#f76a0c;padding-top:0px;padding-right:0px;padding-bottom:0px;padding-left:0px;}<\/style>\n<p class=\"kt-adv-heading_9a8f22-57 wp-block-kadence-advancedheading has-theme-palette-9-color has-text-color\" data-kb-block=\"kb-adv-heading_9a8f22-57\">Le peintre nous offre de par ses nombreuses expositions&nbsp;depuis les ann\u00e9es 80 des \u0153uvres empreintes de recherche, de r\u00e9flexion, de philosophie, charg\u00e9es d&rsquo;un message fort et brut mettant en lumi\u00e8re sa pens\u00e9e et y laissant une empreinte ind\u00e9l\u00e9bile. L&rsquo;abstraction est son aventure, sa libert\u00e9, son combat, ses r\u00eaves, sa rage, sa solitude. <\/p>\n\n\n<style>.wp-block-kadence-advancedheading.kt-adv-heading_5fdbc5-d4, .wp-block-kadence-advancedheading.kt-adv-heading_5fdbc5-d4[data-kb-block=\"kb-adv-heading_5fdbc5-d4\"]{text-align:center;font-style:normal;}.wp-block-kadence-advancedheading.kt-adv-heading_5fdbc5-d4 mark, .wp-block-kadence-advancedheading.kt-adv-heading_5fdbc5-d4[data-kb-block=\"kb-adv-heading_5fdbc5-d4\"] mark{font-style:normal;color:#f76a0c;padding-top:0px;padding-right:0px;padding-bottom:0px;padding-left:0px;}<\/style>\n<p class=\"kt-adv-heading_5fdbc5-d4 wp-block-kadence-advancedheading has-theme-palette-9-color has-text-color\" data-kb-block=\"kb-adv-heading_5fdbc5-d4\">Le peintre est cot\u00e9&nbsp;Akoun et certifi\u00e9 I-CAC<\/p>\n\n\n<style>.wp-block-kadence-advancedheading.kt-adv-heading_87804f-ea, .wp-block-kadence-advancedheading.kt-adv-heading_87804f-ea[data-kb-block=\"kb-adv-heading_87804f-ea\"]{text-align:center;font-style:normal;}.wp-block-kadence-advancedheading.kt-adv-heading_87804f-ea mark, .wp-block-kadence-advancedheading.kt-adv-heading_87804f-ea[data-kb-block=\"kb-adv-heading_87804f-ea\"] mark{font-style:normal;color:#f76a0c;padding-top:0px;padding-right:0px;padding-bottom:0px;padding-left:0px;}<\/style>\n<p class=\"kt-adv-heading_87804f-ea wp-block-kadence-advancedheading has-theme-palette-9-color has-text-color\" data-kb-block=\"kb-adv-heading_87804f-ea\">Silver medalist 2016 by the European Institute of Contemporary Arts.<\/p>\n<\/div><\/div>\n\n<\/div><\/div><\/div><\/div>\n\n<\/div><\/div>","protected":false},"excerpt":{"rendered":"<p>Fran\u00e7ois BENOIT-LISON N\u00e9 \u00e0 Granville le 14 avril 1968. D&rsquo;abord inspir\u00e9 par une d\u00e9marche figurative, progressivement celle-ci a \u00e9volu\u00e9 pour laisser place \u00e0 une abstraction d&rsquo;abord lyrique puis plus contrast\u00e9e o\u00f9 le noir r\u00e8gne en ma\u00eetre absolu. Le noir est sa couleur, parfois sombre, parfois \u00e9clatant, sans limite, il peut \u00eatre dominateur et se faire&#8230;<\/p>","protected":false},"author":1,"featured_media":0,"parent":0,"menu_order":0,"comment_status":"closed","ping_status":"closed","template":"","meta":{"_kad_blocks_custom_css":"","_kad_blocks_head_custom_js":"","_kad_blocks_body_custom_js":"","_kad_blocks_footer_custom_js":"","_kad_post_transparent":"","_kad_post_title":"","_kad_post_layout":"fullwidth","_kad_post_sidebar_id":"","_kad_post_content_style":"","_kad_post_vertical_padding":"","_kad_post_feature":"","_kad_post_feature_position":"","_kad_post_header":false,"_kad_post_footer":false,"footnotes":""},"class_list":["post-799","page","type-page","status-publish","hentry"],"yoast_head":"<!-- This site is optimized with the Yoast SEO plugin v20.1 - https:\/\/yoast.com\/wordpress\/plugins\/seo\/ -->\n<title>Biographie - Fran\u00e7ois BENOIT LISON<\/title>\n<meta name=\"description\" content=\"Benoit Lison, un artiste abstrait cot\u00e9 Akoun, qui utilise le noir comme fil conducteur dans ses peintures \u00e0 l&#039;huile, acrylique et goudron. Ses \u0153uvres sont empreintes de recherche, de philosophie et de messages forts.\" \/>\n<meta name=\"robots\" content=\"index, follow, max-snippet:-1, max-image-preview:large, max-video-preview:-1\" \/>\n<link rel=\"canonical\" href=\"https:\/\/www.benoit-lison.com\/en\/biographie\/\" \/>\n<meta property=\"og:locale\" content=\"en_GB\" \/>\n<meta property=\"og:type\" content=\"article\" \/>\n<meta property=\"og:title\" content=\"Biographie - Fran\u00e7ois BENOIT LISON\" \/>\n<meta property=\"og:description\" content=\"Benoit Lison, un artiste abstrait cot\u00e9 Akoun, qui utilise le noir comme fil conducteur dans ses peintures \u00e0 l&#039;huile, acrylique et goudron. Ses \u0153uvres sont empreintes de recherche, de philosophie et de messages forts.\" \/>\n<meta property=\"og:url\" content=\"https:\/\/www.benoit-lison.com\/en\/biographie\/\" \/>\n<meta property=\"og:site_name\" content=\"Benoit Lison\" \/>\n<meta property=\"article:modified_time\" content=\"2025-04-01T15:57:07+00:00\" \/>\n<meta property=\"og:image\" content=\"https:\/\/www.benoit-lison.com\/wp-content\/uploads\/2025\/04\/IMG_4377_edit-3-683x1024.jpeg\" \/>\n<meta name=\"twitter:card\" content=\"summary_large_image\" \/>\n<meta name=\"twitter:label1\" content=\"Est. reading time\" \/>\n\t<meta name=\"twitter:data1\" content=\"2 minutes\" \/>\n<script type=\"application\/ld+json\" class=\"yoast-schema-graph\">{\"@context\":\"https:\/\/schema.org\",\"@graph\":[{\"@type\":\"WebPage\",\"@id\":\"https:\/\/www.benoit-lison.com\/biographie\/\",\"url\":\"https:\/\/www.benoit-lison.com\/biographie\/\",\"name\":\"Biographie - Fran\u00e7ois BENOIT LISON\",\"isPartOf\":{\"@id\":\"https:\/\/www.benoit-lison.com\/#website\"},\"datePublished\":\"2022-02-02T20:11:35+00:00\",\"dateModified\":\"2025-04-01T15:57:07+00:00\",\"description\":\"Benoit Lison, un artiste abstrait cot\u00e9 Akoun, qui utilise le noir comme fil conducteur dans ses peintures \u00e0 l'huile, acrylique et goudron. Ses \u0153uvres sont empreintes de recherche, de philosophie et de messages forts.\",\"breadcrumb\":{\"@id\":\"https:\/\/www.benoit-lison.com\/biographie\/#breadcrumb\"},\"inLanguage\":\"en-GB\",\"potentialAction\":[{\"@type\":\"ReadAction\",\"target\":[\"https:\/\/www.benoit-lison.com\/biographie\/\"]}]},{\"@type\":\"BreadcrumbList\",\"@id\":\"https:\/\/www.benoit-lison.com\/biographie\/#breadcrumb\",\"itemListElement\":[{\"@type\":\"ListItem\",\"position\":1,\"name\":\"Accueil\",\"item\":\"https:\/\/www.benoit-lison.com\/\"},{\"@type\":\"ListItem\",\"position\":2,\"name\":\"Biographie\"}]},{\"@type\":\"WebSite\",\"@id\":\"https:\/\/www.benoit-lison.com\/#website\",\"url\":\"https:\/\/www.benoit-lison.com\/\",\"name\":\"Benoit Lison\",\"description\":\"\",\"publisher\":{\"@id\":\"https:\/\/www.benoit-lison.com\/#organization\"},\"potentialAction\":[{\"@type\":\"SearchAction\",\"target\":{\"@type\":\"EntryPoint\",\"urlTemplate\":\"https:\/\/www.benoit-lison.com\/?s={search_term_string}\"},\"query-input\":\"required name=search_term_string\"}],\"inLanguage\":\"en-GB\"},{\"@type\":\"Organization\",\"@id\":\"https:\/\/www.benoit-lison.com\/#organization\",\"name\":\"Benoit Lison\",\"url\":\"https:\/\/www.benoit-lison.com\/\",\"logo\":{\"@type\":\"ImageObject\",\"inLanguage\":\"en-GB\",\"@id\":\"https:\/\/www.benoit-lison.com\/#\/schema\/logo\/image\/\",\"url\":\"https:\/\/www.benoit-lison.com\/wp-content\/uploads\/2023\/02\/cropped-Francois_Logo_NEG-fi2485789x2000-1.png\",\"contentUrl\":\"https:\/\/www.benoit-lison.com\/wp-content\/uploads\/2023\/02\/cropped-Francois_Logo_NEG-fi2485789x2000-1.png\",\"width\":336,\"height\":390,\"caption\":\"Benoit Lison\"},\"image\":{\"@id\":\"https:\/\/www.benoit-lison.com\/#\/schema\/logo\/image\/\"}}]}<\/script>\n<!-- \/ Yoast SEO plugin. -->","yoast_head_json":{"title":"Biographie - Fran\u00e7ois BENOIT LISON","description":"Benoit Lison, un artiste abstrait cot\u00e9 Akoun, qui utilise le noir comme fil conducteur dans ses peintures \u00e0 l'huile, acrylique et goudron. Ses \u0153uvres sont empreintes de recherche, de philosophie et de messages forts.","robots":{"index":"index","follow":"follow","max-snippet":"max-snippet:-1","max-image-preview":"max-image-preview:large","max-video-preview":"max-video-preview:-1"},"canonical":"https:\/\/www.benoit-lison.com\/en\/biographie\/","og_locale":"en_GB","og_type":"article","og_title":"Biographie - Fran\u00e7ois BENOIT LISON","og_description":"Benoit Lison, un artiste abstrait cot\u00e9 Akoun, qui utilise le noir comme fil conducteur dans ses peintures \u00e0 l'huile, acrylique et goudron. Ses \u0153uvres sont empreintes de recherche, de philosophie et de messages forts.","og_url":"https:\/\/www.benoit-lison.com\/en\/biographie\/","og_site_name":"Benoit Lison","article_modified_time":"2025-04-01T15:57:07+00:00","og_image":[{"url":"https:\/\/www.benoit-lison.com\/wp-content\/uploads\/2025\/04\/IMG_4377_edit-3-683x1024.jpeg"}],"twitter_card":"summary_large_image","twitter_misc":{"Est. reading time":"2 minutes"},"schema":{"@context":"https:\/\/schema.org","@graph":[{"@type":"WebPage","@id":"https:\/\/www.benoit-lison.com\/biographie\/","url":"https:\/\/www.benoit-lison.com\/biographie\/","name":"Biographie - Fran\u00e7ois BENOIT LISON","isPartOf":{"@id":"https:\/\/www.benoit-lison.com\/#website"},"datePublished":"2022-02-02T20:11:35+00:00","dateModified":"2025-04-01T15:57:07+00:00","description":"Benoit Lison, un artiste abstrait cot\u00e9 Akoun, qui utilise le noir comme fil conducteur dans ses peintures \u00e0 l'huile, acrylique et goudron. Ses \u0153uvres sont empreintes de recherche, de philosophie et de messages forts.","breadcrumb":{"@id":"https:\/\/www.benoit-lison.com\/biographie\/#breadcrumb"},"inLanguage":"en-GB","potentialAction":[{"@type":"ReadAction","target":["https:\/\/www.benoit-lison.com\/biographie\/"]}]},{"@type":"BreadcrumbList","@id":"https:\/\/www.benoit-lison.com\/biographie\/#breadcrumb","itemListElement":[{"@type":"ListItem","position":1,"name":"Accueil","item":"https:\/\/www.benoit-lison.com\/"},{"@type":"ListItem","position":2,"name":"Biographie"}]},{"@type":"WebSite","@id":"https:\/\/www.benoit-lison.com\/#website","url":"https:\/\/www.benoit-lison.com\/","name":"Benoit Lison","description":"","publisher":{"@id":"https:\/\/www.benoit-lison.com\/#organization"},"potentialAction":[{"@type":"SearchAction","target":{"@type":"EntryPoint","urlTemplate":"https:\/\/www.benoit-lison.com\/?s={search_term_string}"},"query-input":"required name=search_term_string"}],"inLanguage":"en-GB"},{"@type":"Organization","@id":"https:\/\/www.benoit-lison.com\/#organization","name":"Benoit Lison","url":"https:\/\/www.benoit-lison.com\/","logo":{"@type":"ImageObject","inLanguage":"en-GB","@id":"https:\/\/www.benoit-lison.com\/#\/schema\/logo\/image\/","url":"https:\/\/www.benoit-lison.com\/wp-content\/uploads\/2023\/02\/cropped-Francois_Logo_NEG-fi2485789x2000-1.png","contentUrl":"https:\/\/www.benoit-lison.com\/wp-content\/uploads\/2023\/02\/cropped-Francois_Logo_NEG-fi2485789x2000-1.png","width":336,"height":390,"caption":"Benoit Lison"},"image":{"@id":"https:\/\/www.benoit-lison.com\/#\/schema\/logo\/image\/"}}]}},"featured_image_src_large":false,"author_info":{"display_name":"Whaz","author_link":"https:\/\/www.benoit-lison.com\/en\/author\/whaz\/"},"comment_info":0,"taxonomy_info":[],"_links":{"self":[{"href":"https:\/\/www.benoit-lison.com\/en\/wp-json\/wp\/v2\/pages\/799","targetHints":{"allow":["GET"]}}],"collection":[{"href":"https:\/\/www.benoit-lison.com\/en\/wp-json\/wp\/v2\/pages"}],"about":[{"href":"https:\/\/www.benoit-lison.com\/en\/wp-json\/wp\/v2\/types\/page"}],"author":[{"embeddable":true,"href":"https:\/\/www.benoit-lison.com\/en\/wp-json\/wp\/v2\/users\/1"}],"replies":[{"embeddable":true,"href":"https:\/\/www.benoit-lison.com\/en\/wp-json\/wp\/v2\/comments?post=799"}],"version-history":[{"count":44,"href":"https:\/\/www.benoit-lison.com\/en\/wp-json\/wp\/v2\/pages\/799\/revisions"}],"predecessor-version":[{"id":1423,"href":"https:\/\/www.benoit-lison.com\/en\/wp-json\/wp\/v2\/pages\/799\/revisions\/1423"}],"wp:attachment":[{"href":"https:\/\/www.benoit-lison.com\/en\/wp-json\/wp\/v2\/media?parent=799"}],"curies":[{"name":"wp","href":"https:\/\/api.w.org\/{rel}","templated":true}]}}