{"id":803,"date":"2022-02-02T20:14:11","date_gmt":"2022-02-02T20:14:11","guid":{"rendered":"https:\/\/startertemplatecloud.com\/g35\/?page_id=803"},"modified":"2025-12-10T09:57:20","modified_gmt":"2025-12-10T09:57:20","slug":"contact","status":"publish","type":"page","link":"https:\/\/www.benoit-lison.com\/en\/contact\/","title":{"rendered":"Contact"},"content":{"rendered":"<style>.kb-row-layout-id_461dd8-38 > .kt-row-column-wrap{align-content:start;}:where(.kb-row-layout-id_461dd8-38 > .kt-row-column-wrap) > .wp-block-kadence-column{justify-content:start;}.kb-row-layout-id_461dd8-38 > .kt-row-column-wrap{column-gap:var(--global-kb-gap-md, 2rem);row-gap:var(--global-kb-gap-md, 2rem);max-width:var( --global-content-width, 1290px );padding-left:var(--global-content-edge-padding);padding-right:var(--global-content-edge-padding);padding-top:40px;padding-bottom:25px;grid-template-columns:minmax(0, 1fr);}.kb-row-layout-id_461dd8-38{background-color:#000000;}.kb-row-layout-id_461dd8-38 > .kt-row-layout-overlay{opacity:0.40;background-image:url('https:\/\/www.benoit-lison.com\/wp-content\/uploads\/2023\/02\/iO754Z93_4x.png');background-size:contain;background-position:center center;background-attachment:fixed;background-repeat:no-repeat;}@media all and (max-width: 1024px){.kb-row-layout-id_461dd8-38 > .kt-row-column-wrap{grid-template-columns:minmax(0, 1fr);}}@media all and (max-width: 767px){.kb-row-layout-id_461dd8-38 > .kt-row-column-wrap{grid-template-columns:minmax(0, 1fr);}}<\/style><div class=\"kb-row-layout-wrap kb-row-layout-id_461dd8-38 alignfull kt-row-has-bg wp-block-kadence-rowlayout\"><div class=\"kt-row-layout-overlay kt-row-overlay-normal\"><\/div><div class=\"kt-row-column-wrap kt-has-1-columns kt-row-layout-equal kt-tab-layout-inherit kt-mobile-layout-row kt-row-valign-top kb-theme-content-width\">\n<style>.kadence-column_cf409a-36 > .kt-inside-inner-col,.kadence-column_cf409a-36 > .kt-inside-inner-col:before{border-top-left-radius:0px;border-top-right-radius:0px;border-bottom-right-radius:0px;border-bottom-left-radius:0px;}.kadence-column_cf409a-36 > .kt-inside-inner-col:before{opacity:0.3;}div:not(.kt-inside-inner-col) > .kadence-column_cf409a-36{position:relative;}<\/style>\n<div class=\"wp-block-kadence-column kadence-column_cf409a-36 inner-column-1\"><div class=\"kt-inside-inner-col\"><style>.wp-block-kadence-advancedheading.kt-adv-heading_130c57-5e, .wp-block-kadence-advancedheading.kt-adv-heading_130c57-5e[data-kb-block=\"kb-adv-heading_130c57-5e\"]{text-align:center;font-style:normal;}.wp-block-kadence-advancedheading.kt-adv-heading_130c57-5e mark, .wp-block-kadence-advancedheading.kt-adv-heading_130c57-5e[data-kb-block=\"kb-adv-heading_130c57-5e\"] mark{font-style:normal;color:#f76a0c;padding-top:0px;padding-right:0px;padding-bottom:0px;padding-left:0px;}<\/style>\n<h1 class=\"kt-adv-heading_130c57-5e wp-block-kadence-advancedheading has-theme-palette-9-color has-text-color\" data-kb-block=\"kb-adv-heading_130c57-5e\">Contact<\/h1>\n\n\n<style>.kb-row-layout-id_d6807e-03 > .kt-row-column-wrap{align-content:start;}:where(.kb-row-layout-id_d6807e-03 > .kt-row-column-wrap) > .wp-block-kadence-column{justify-content:start;}.kb-row-layout-id_d6807e-03 > .kt-row-column-wrap{column-gap:var(--global-kb-gap-md, 2rem);row-gap:var(--global-kb-gap-md, 2rem);padding-top:var(--global-kb-spacing-sm, 1.5rem);padding-bottom:var(--global-kb-spacing-sm, 1.5rem);grid-template-columns:minmax(0, 1fr);}.kb-row-layout-id_d6807e-03 > .kt-row-layout-overlay{opacity:0.30;}@media all and (max-width: 1024px){.kb-row-layout-id_d6807e-03 > .kt-row-column-wrap{grid-template-columns:minmax(0, 1fr);}}@media all and (max-width: 767px){.kb-row-layout-id_d6807e-03 > .kt-row-column-wrap{grid-template-columns:minmax(0, 1fr);}}<\/style><div class=\"kb-row-layout-wrap kb-row-layout-id_d6807e-03 aligncenter wp-block-kadence-rowlayout\"><div class=\"kt-row-column-wrap kt-has-1-columns kt-row-layout-equal kt-tab-layout-inherit kt-mobile-layout-row kt-row-valign-top\">\n<style>.kadence-column_576b67-e1 > .kt-inside-inner-col,.kadence-column_576b67-e1 > .kt-inside-inner-col:before{border-top-left-radius:0px;border-top-right-radius:0px;border-bottom-right-radius:0px;border-bottom-left-radius:0px;}.kadence-column_576b67-e1 > .kt-inside-inner-col:before{opacity:0.3;}.kadence-column_576b67-e1{text-align:center;}div:not(.kt-inside-inner-col) > .kadence-column_576b67-e1{position:relative;}<\/style>\n<div class=\"wp-block-kadence-column kadence-column_576b67-e1 inner-column-1\"><div class=\"kt-inside-inner-col\"><style>.wp-block-kadence-advancedheading.kt-adv-heading_a2bcd4-31, .wp-block-kadence-advancedheading.kt-adv-heading_a2bcd4-31[data-kb-block=\"kb-adv-heading_a2bcd4-31\"]{text-align:center;font-style:normal;}.wp-block-kadence-advancedheading.kt-adv-heading_a2bcd4-31 mark, .wp-block-kadence-advancedheading.kt-adv-heading_a2bcd4-31[data-kb-block=\"kb-adv-heading_a2bcd4-31\"] mark{font-style:normal;color:#f76a0c;padding-top:0px;padding-right:0px;padding-bottom:0px;padding-left:0px;}<\/style>\n<p class=\"kt-adv-heading_a2bcd4-31 wp-block-kadence-advancedheading has-theme-palette-9-color has-text-color\" data-kb-block=\"kb-adv-heading_a2bcd4-31\">You want to get in touch ? Nothing could be easier !<\/p>\n<\/div><\/div>\n\n<\/div><\/div>\n\n<style>.kb-row-layout-id_c3dd6d-aa > .kt-row-column-wrap{align-content:start;}:where(.kb-row-layout-id_c3dd6d-aa > .kt-row-column-wrap) > .wp-block-kadence-column{justify-content:start;}.kb-row-layout-id_c3dd6d-aa > .kt-row-column-wrap{column-gap:var(--global-kb-gap-md, 2rem);row-gap:var(--global-kb-gap-md, 2rem);padding-top:var(--global-kb-spacing-sm, 1.5rem);padding-bottom:var(--global-kb-spacing-sm, 1.5rem);grid-template-columns:repeat(2, minmax(0, 1fr));}.kb-row-layout-id_c3dd6d-aa > .kt-row-layout-overlay{opacity:0.30;}@media all and (max-width: 1024px){.kb-row-layout-id_c3dd6d-aa > .kt-row-column-wrap{grid-template-columns:repeat(2, minmax(0, 1fr));}}@media all and (max-width: 767px){.kb-row-layout-id_c3dd6d-aa > .kt-row-column-wrap{grid-template-columns:minmax(0, 1fr);}}<\/style><div class=\"kb-row-layout-wrap kb-row-layout-id_c3dd6d-aa aligncenter wp-block-kadence-rowlayout\"><div class=\"kt-row-column-wrap kt-has-2-columns kt-row-layout-equal kt-tab-layout-inherit kt-mobile-layout-row kt-row-valign-top\">\n<style>.kadence-column_ec6200-c3 > .kt-inside-inner-col,.kadence-column_ec6200-c3 > .kt-inside-inner-col:before{border-top-left-radius:0px;border-top-right-radius:0px;border-bottom-right-radius:0px;border-bottom-left-radius:0px;}.kadence-column_ec6200-c3 > .kt-inside-inner-col:before{opacity:0.3;}div:not(.kt-inside-inner-col) > .kadence-column_ec6200-c3{position:relative;}<\/style>\n<div class=\"wp-block-kadence-column kadence-column_ec6200-c3 inner-column-1\"><div class=\"kt-inside-inner-col\"><style>.wp-block-kadence-advancedheading.kt-adv-heading_886678-16, .wp-block-kadence-advancedheading.kt-adv-heading_886678-16[data-kb-block=\"kb-adv-heading_886678-16\"]{text-align:center;font-style:normal;}.wp-block-kadence-advancedheading.kt-adv-heading_886678-16 mark, .wp-block-kadence-advancedheading.kt-adv-heading_886678-16[data-kb-block=\"kb-adv-heading_886678-16\"] mark{font-style:normal;color:#f76a0c;padding-top:0px;padding-right:0px;padding-bottom:0px;padding-left:0px;}<\/style>\n<h3 class=\"kt-adv-heading_886678-16 wp-block-kadence-advancedheading has-theme-palette-9-color has-text-color\" data-kb-block=\"kb-adv-heading_886678-16\">Fran\u00e7ois Benoit-Lison<\/h3>\n\n\n<style>.wp-block-kadence-iconlist.kt-svg-icon-list-items_ecf94a-19 ul.kt-svg-icon-list:not(.this-prevents-issues):not(.this-stops-third-party-issues):not(.tijsloc){margin-top:0px;margin-right:0px;margin-bottom:10px;margin-left:0px;}.wp-block-kadence-iconlist.kt-svg-icon-list-items_ecf94a-19 ul.kt-svg-icon-list .kt-svg-icon-list-item-wrap:not(:last-child){margin-bottom:5px;}.wp-block-kadence-iconlist.kt-svg-icon-list-items_ecf94a-19 ul.kt-svg-icon-list{grid-row-gap:5px;}.wp-block-kadence-iconlist.kt-svg-icon-list-items_ecf94a-19 ul.kt-svg-icon-list .kt-svg-icon-list-item-wrap .kt-svg-icon-list-single{margin-right:10px;}.kt-svg-icon-list-items_ecf94a-19 ul.kt-svg-icon-list .kt-svg-icon-list-item-wrap, .kt-svg-icon-list-items_ecf94a-19 ul.kt-svg-icon-list .kt-svg-icon-list-item-wrap a{color:var(--global-palette9, #ffffff);color:var(--global-palette9, #ffffff);}@media all and (max-width: 1024px){.wp-block-kadence-iconlist.kt-svg-icon-list-items_ecf94a-19 ul.kt-svg-icon-list .kt-svg-icon-list-item-wrap:not(:last-child){margin-bottom:5px;}}@media all and (max-width: 1024px){.wp-block-kadence-iconlist.kt-svg-icon-list-items_ecf94a-19 ul.kt-svg-icon-list{grid-row-gap:5px;}}@media all and (max-width: 767px){.wp-block-kadence-iconlist.kt-svg-icon-list-items_ecf94a-19 ul.kt-svg-icon-list .kt-svg-icon-list-item-wrap:not(:last-child){margin-bottom:5px;}.wp-block-kadence-iconlist.kt-svg-icon-list-items_ecf94a-19 ul.kt-svg-icon-list{grid-row-gap:5px;}}<\/style>\n<div class=\"wp-block-kadence-iconlist kt-svg-icon-list-items kt-svg-icon-list-items_ecf94a-19 kt-svg-icon-list-columns-1 alignnone\"><ul class=\"kt-svg-icon-list\"><style>.kt-svg-icon-list-item-_e227a5-20 .kt-svg-icon-list-single{font-size:20px !important;}<\/style>\n<li class=\"wp-block-kadence-listitem kt-svg-icon-list-item-wrap kt-svg-icon-list-item-_e227a5-20 kt-svg-icon-list-style-default\"><span class=\"kb-svg-icon-wrap kb-svg-icon-fe_phoneForwarded kt-svg-icon-list-single\"><svg viewbox=\"0 0 24 24\" fill=\"none\" stroke=\"currentColor\" stroke-width=\"2\" stroke-linecap=\"round\" stroke-linejoin=\"round\" xmlns=\"http:\/\/www.w3.org\/2000\/svg\" ><polyline points=\"19 1 23 5 19 9\"\/><line x1=\"15\" y1=\"5\" x2=\"23\" y2=\"5\"\/><path d=\"M22 16.92v3a2 2 0 0 1-2.18 2 19.79 19.79 0 0 1-8.63-3.07 19.5 19.5 0 0 1-6-6 19.79 19.79 0 0 1-3.07-8.67A2 2 0 0 1 4.11 2h3a2 2 0 0 1 2 1.72 12.84 12.84 0 0 0 .7 2.81 2 2 0 0 1-.45 2.11L8.09 9.91a16 16 0 0 0 6 6l1.27-1.27a2 2 0 0 1 2.11-.45 12.84 12.84 0 0 0 2.81.7A2 2 0 0 1 22 16.92z\"\/><\/svg><\/span><span class=\"kt-svg-icon-list-text\"><a href=\"tel:+33681398935\">+33(0)681398935<\/a><\/span><\/li>\n\n\n<style>.kt-svg-icon-list-item-_a5eac0-c8 .kt-svg-icon-list-single{font-size:20px !important;}<\/style>\n<li class=\"wp-block-kadence-listitem kt-svg-icon-list-item-wrap kt-svg-icon-list-item-_a5eac0-c8 kt-svg-icon-list-style-default\"><span class=\"kb-svg-icon-wrap kb-svg-icon-fe_mail kt-svg-icon-list-single\"><svg viewbox=\"0 0 24 24\" fill=\"none\" stroke=\"currentColor\" stroke-width=\"2\" stroke-linecap=\"round\" stroke-linejoin=\"round\" xmlns=\"http:\/\/www.w3.org\/2000\/svg\" ><path d=\"M4 4h16c1.1 0 2 .9 2 2v12c0 1.1-.9 2-2 2H4c-1.1 0-2-.9-2-2V6c0-1.1.9-2 2-2z\"\/><polyline points=\"22,6 12,13 2,6\"\/><\/svg><\/span><span class=\"kt-svg-icon-list-text\"><a href=\"mailto:franz.b-l@sfr.fr\">franz.b-l@sfr.f<\/a>r<\/span><\/li>\n\n\n<style>.kt-svg-icon-list-item-_3c74f2-2f .kt-svg-icon-list-single{font-size:20px !important;}<\/style>\n<li class=\"wp-block-kadence-listitem kt-svg-icon-list-item-wrap kt-svg-icon-list-item-_3c74f2-2f kt-svg-icon-list-style-default\"><span class=\"kb-svg-icon-wrap kb-svg-icon-fe_checkCircle kt-svg-icon-list-single\"><svg viewbox=\"0 0 24 24\" fill=\"none\" stroke=\"currentColor\" stroke-width=\"2\" stroke-linecap=\"round\" stroke-linejoin=\"round\" xmlns=\"http:\/\/www.w3.org\/2000\/svg\" ><path d=\"M22 11.08V12a10 10 0 1 1-5.93-9.14\"\/><polyline points=\"22 4 12 14.01 9 11.01\"\/><\/svg><\/span><span class=\"kt-svg-icon-list-text\"><a href=\"https:\/\/www.i-cac.fr\/artiste\/benoit-lison-francois.html\">Cotation I-CAC<\/a><\/span><\/li>\n<\/ul><\/div>\n<\/div><\/div>\n\n\n<style>.kadence-column_dc905f-f0 > .kt-inside-inner-col,.kadence-column_dc905f-f0 > .kt-inside-inner-col:before{border-top-left-radius:0px;border-top-right-radius:0px;border-bottom-right-radius:0px;border-bottom-left-radius:0px;}.kadence-column_dc905f-f0 > .kt-inside-inner-col:before{opacity:0.3;}.kadence-column_dc905f-f0{text-align:center;}div:not(.kt-inside-inner-col) > .kadence-column_dc905f-f0{position:relative;}<\/style>\n<div class=\"wp-block-kadence-column kadence-column_dc905f-f0 inner-column-2\"><div class=\"kt-inside-inner-col\"><style>.kadence-form-_c76452-3b .kb-form .kadence-blocks-form-field > label{color:var(--global-palette1, #3182CE);}.kadence-form-_c76452-3b .kb-form .kadence-blocks-form-field .kb-forms-submit{color:#000000;border-radius:0px;}.kadence-form-_c76452-3b .kb-form .kadence-blocks-form-field .kb-forms-submit:hover, .kadence-form-_c76452-3b .kb-form .kadence-blocks-form-field .kb-forms-submit:focus {color:var(--global-palette2, #2B6CB0);box-shadow:0px 0px 0px 0px rgba(0, 0, 0, 0.4);background:#000000;}<\/style>\n<div class=\"wp-block-kadence-form kadence-form-_c76452-3b kb-form-wrap kb-form-align-center\"><form class=\"kb-form\" action=\"\" method=\"post\" data-trp-original-action=\"\"><div class=\"kadence-blocks-form-field kb-field-desk-width-100 kb-input-size-standard\"><label for=\"kb_field__c76452-3b_0\">Name<\/label><input name=\"kb_field_0\" id=\"kb_field__c76452-3b_0\" data-label=\"Nom\" type=\"text\" placeholder=\"\" value=\"\" data-type=\"text\" class=\"kb-field kb-text-style-field kb-text-field kb-field-0\"\/><\/div><div class=\"kadence-blocks-form-field kb-form-field-1 kb-field-desk-width-100 kb-input-size-standard\"><label for=\"kb_field__c76452-3b_1\">Email<span class=\"required\">*<\/span><\/label><input name=\"kb_field_1\" id=\"kb_field__c76452-3b_1\" data-label=\"Email\" type=\"email\" placeholder=\"\" value=\"\" data-type=\"email\" class=\"kb-field kb-text-style-field kb-email-field kb-field-1\" data-required=\"yes\" data-required-message=\"Un email est n\u00e9cessaire\" data-validation-message=\"Email non valide\"\/><\/div><div class=\"kadence-blocks-form-field kb-form-field-2 kb-field-desk-width-100 kb-input-size-standard\"><label for=\"kb_field__c76452-3b_2\">Message<span class=\"required\">*<\/span><\/label><textarea name=\"kb_field_2\" id=\"kb_field__c76452-3b_2\" data-label=\"Message\" type=\"textarea\" placeholder=\"\" data-type=\"textarea\" class=\"kb-field kb-text-style-field kb-textarea-field kb-field-2\" rows=\"4\" data-required=\"yes\" data-required-message=\"Un message est n\u00e9cessaire\"><\/textarea><\/div><input type=\"hidden\" name=\"_kb_form_id\" value=\"_c76452-3b\"\/><input type=\"hidden\" name=\"_kb_form_post_id\" value=\"803\"\/><input type=\"hidden\" name=\"action\" value=\"kb_process_ajax_submit\"\/><input class=\"kadence-blocks-field verify\" type=\"text\" name=\"_kb_verify_email\" autocomplete=\"off\" aria-hidden=\"true\" placeholder=\"Email\" tabindex=\"-1\"\/><div class=\"kadence-blocks-form-field kb-submit-field kb-field-desk-width-50\"><button class=\"kb-forms-submit button kb-button-size-standard kb-button-width-auto\">Send message<\/button><\/div><input type=\"hidden\" name=\"trp-form-language\" value=\"en\"\/><\/form><\/div>\n<noscript><div class=\"kadence-blocks-form-message kadence-blocks-form-warning\">Please enable JavaScript in your browser to submit the form<\/div><style>.kadence-form-_c76452-3b .kadence-blocks-form-field.kb-submit-field { display: none; }<\/style><\/noscript><\/div><\/div>\n\n<\/div><\/div><\/div><\/div>\n\n<\/div><\/div>","protected":false},"excerpt":{"rendered":"<p>Contact Vous souhaitez prendre contact ? Rien de plus simple ! Fran\u00e7ois Benoit-Lison<\/p>","protected":false},"author":1,"featured_media":0,"parent":0,"menu_order":0,"comment_status":"closed","ping_status":"closed","template":"","meta":{"_kad_blocks_custom_css":"","_kad_blocks_head_custom_js":"","_kad_blocks_body_custom_js":"","_kad_blocks_footer_custom_js":"","_kad_post_transparent":"","_kad_post_title":"","_kad_post_layout":"","_kad_post_sidebar_id":"","_kad_post_content_style":"","_kad_post_vertical_padding":"","_kad_post_feature":"","_kad_post_feature_position":"","_kad_post_header":false,"_kad_post_footer":false,"footnotes":""},"class_list":["post-803","page","type-page","status-publish","hentry"],"yoast_head":"<!-- This site is optimized with the Yoast SEO plugin v20.1 - https:\/\/yoast.com\/wordpress\/plugins\/seo\/ -->\n<title>Contact - Benoit-Lison<\/title>\n<meta name=\"description\" content=\"Vous cherchez \u00e0 prendre contact ? Vous \u00eates sur la bonne page, il ne vous reste qu&#039;\u00e0 remplir le formulaire.\" \/>\n<meta name=\"robots\" content=\"index, follow, max-snippet:-1, max-image-preview:large, max-video-preview:-1\" \/>\n<link rel=\"canonical\" href=\"https:\/\/www.benoit-lison.com\/en\/contact\/\" \/>\n<meta property=\"og:locale\" content=\"en_GB\" \/>\n<meta property=\"og:type\" content=\"article\" \/>\n<meta property=\"og:title\" content=\"Contact - Benoit-Lison\" \/>\n<meta property=\"og:description\" content=\"Vous cherchez \u00e0 prendre contact ? Vous \u00eates sur la bonne page, il ne vous reste qu&#039;\u00e0 remplir le formulaire.\" \/>\n<meta property=\"og:url\" content=\"https:\/\/www.benoit-lison.com\/en\/contact\/\" \/>\n<meta property=\"og:site_name\" content=\"Benoit Lison\" \/>\n<meta property=\"article:modified_time\" content=\"2025-12-10T09:57:20+00:00\" \/>\n<meta name=\"twitter:card\" content=\"summary_large_image\" \/>\n<meta name=\"twitter:label1\" content=\"Est. reading time\" \/>\n\t<meta name=\"twitter:data1\" content=\"1 minute\" \/>\n<script type=\"application\/ld+json\" class=\"yoast-schema-graph\">{\"@context\":\"https:\/\/schema.org\",\"@graph\":[{\"@type\":\"WebPage\",\"@id\":\"https:\/\/www.benoit-lison.com\/contact\/\",\"url\":\"https:\/\/www.benoit-lison.com\/contact\/\",\"name\":\"Contact - Benoit-Lison\",\"isPartOf\":{\"@id\":\"https:\/\/www.benoit-lison.com\/#website\"},\"datePublished\":\"2022-02-02T20:14:11+00:00\",\"dateModified\":\"2025-12-10T09:57:20+00:00\",\"description\":\"Vous cherchez \u00e0 prendre contact ? Vous \u00eates sur la bonne page, il ne vous reste qu'\u00e0 remplir le formulaire.\",\"breadcrumb\":{\"@id\":\"https:\/\/www.benoit-lison.com\/contact\/#breadcrumb\"},\"inLanguage\":\"en-GB\",\"potentialAction\":[{\"@type\":\"ReadAction\",\"target\":[\"https:\/\/www.benoit-lison.com\/contact\/\"]}]},{\"@type\":\"BreadcrumbList\",\"@id\":\"https:\/\/www.benoit-lison.com\/contact\/#breadcrumb\",\"itemListElement\":[{\"@type\":\"ListItem\",\"position\":1,\"name\":\"Accueil\",\"item\":\"https:\/\/www.benoit-lison.com\/\"},{\"@type\":\"ListItem\",\"position\":2,\"name\":\"Contact\"}]},{\"@type\":\"WebSite\",\"@id\":\"https:\/\/www.benoit-lison.com\/#website\",\"url\":\"https:\/\/www.benoit-lison.com\/\",\"name\":\"Benoit Lison\",\"description\":\"\",\"publisher\":{\"@id\":\"https:\/\/www.benoit-lison.com\/#organization\"},\"potentialAction\":[{\"@type\":\"SearchAction\",\"target\":{\"@type\":\"EntryPoint\",\"urlTemplate\":\"https:\/\/www.benoit-lison.com\/?s={search_term_string}\"},\"query-input\":\"required name=search_term_string\"}],\"inLanguage\":\"en-GB\"},{\"@type\":\"Organization\",\"@id\":\"https:\/\/www.benoit-lison.com\/#organization\",\"name\":\"Benoit Lison\",\"url\":\"https:\/\/www.benoit-lison.com\/\",\"logo\":{\"@type\":\"ImageObject\",\"inLanguage\":\"en-GB\",\"@id\":\"https:\/\/www.benoit-lison.com\/#\/schema\/logo\/image\/\",\"url\":\"https:\/\/www.benoit-lison.com\/wp-content\/uploads\/2023\/02\/cropped-Francois_Logo_NEG-fi2485789x2000-1.png\",\"contentUrl\":\"https:\/\/www.benoit-lison.com\/wp-content\/uploads\/2023\/02\/cropped-Francois_Logo_NEG-fi2485789x2000-1.png\",\"width\":336,\"height\":390,\"caption\":\"Benoit Lison\"},\"image\":{\"@id\":\"https:\/\/www.benoit-lison.com\/#\/schema\/logo\/image\/\"}}]}<\/script>\n<!-- \/ Yoast SEO plugin. -->","yoast_head_json":{"title":"Contact - Benoit-Lison","description":"Vous cherchez \u00e0 prendre contact ? Vous \u00eates sur la bonne page, il ne vous reste qu'\u00e0 remplir le formulaire.","robots":{"index":"index","follow":"follow","max-snippet":"max-snippet:-1","max-image-preview":"max-image-preview:large","max-video-preview":"max-video-preview:-1"},"canonical":"https:\/\/www.benoit-lison.com\/en\/contact\/","og_locale":"en_GB","og_type":"article","og_title":"Contact - Benoit-Lison","og_description":"Vous cherchez \u00e0 prendre contact ? Vous \u00eates sur la bonne page, il ne vous reste qu'\u00e0 remplir le formulaire.","og_url":"https:\/\/www.benoit-lison.com\/en\/contact\/","og_site_name":"Benoit Lison","article_modified_time":"2025-12-10T09:57:20+00:00","twitter_card":"summary_large_image","twitter_misc":{"Est. reading time":"1 minute"},"schema":{"@context":"https:\/\/schema.org","@graph":[{"@type":"WebPage","@id":"https:\/\/www.benoit-lison.com\/contact\/","url":"https:\/\/www.benoit-lison.com\/contact\/","name":"Contact - Benoit-Lison","isPartOf":{"@id":"https:\/\/www.benoit-lison.com\/#website"},"datePublished":"2022-02-02T20:14:11+00:00","dateModified":"2025-12-10T09:57:20+00:00","description":"Vous cherchez \u00e0 prendre contact ? Vous \u00eates sur la bonne page, il ne vous reste qu'\u00e0 remplir le formulaire.","breadcrumb":{"@id":"https:\/\/www.benoit-lison.com\/contact\/#breadcrumb"},"inLanguage":"en-GB","potentialAction":[{"@type":"ReadAction","target":["https:\/\/www.benoit-lison.com\/contact\/"]}]},{"@type":"BreadcrumbList","@id":"https:\/\/www.benoit-lison.com\/contact\/#breadcrumb","itemListElement":[{"@type":"ListItem","position":1,"name":"Accueil","item":"https:\/\/www.benoit-lison.com\/"},{"@type":"ListItem","position":2,"name":"Contact"}]},{"@type":"WebSite","@id":"https:\/\/www.benoit-lison.com\/#website","url":"https:\/\/www.benoit-lison.com\/","name":"Benoit Lison","description":"","publisher":{"@id":"https:\/\/www.benoit-lison.com\/#organization"},"potentialAction":[{"@type":"SearchAction","target":{"@type":"EntryPoint","urlTemplate":"https:\/\/www.benoit-lison.com\/?s={search_term_string}"},"query-input":"required name=search_term_string"}],"inLanguage":"en-GB"},{"@type":"Organization","@id":"https:\/\/www.benoit-lison.com\/#organization","name":"Benoit Lison","url":"https:\/\/www.benoit-lison.com\/","logo":{"@type":"ImageObject","inLanguage":"en-GB","@id":"https:\/\/www.benoit-lison.com\/#\/schema\/logo\/image\/","url":"https:\/\/www.benoit-lison.com\/wp-content\/uploads\/2023\/02\/cropped-Francois_Logo_NEG-fi2485789x2000-1.png","contentUrl":"https:\/\/www.benoit-lison.com\/wp-content\/uploads\/2023\/02\/cropped-Francois_Logo_NEG-fi2485789x2000-1.png","width":336,"height":390,"caption":"Benoit Lison"},"image":{"@id":"https:\/\/www.benoit-lison.com\/#\/schema\/logo\/image\/"}}]}},"featured_image_src_large":false,"author_info":{"display_name":"Whaz","author_link":"https:\/\/www.benoit-lison.com\/en\/author\/whaz\/"},"comment_info":0,"taxonomy_info":[],"_links":{"self":[{"href":"https:\/\/www.benoit-lison.com\/en\/wp-json\/wp\/v2\/pages\/803","targetHints":{"allow":["GET"]}}],"collection":[{"href":"https:\/\/www.benoit-lison.com\/en\/wp-json\/wp\/v2\/pages"}],"about":[{"href":"https:\/\/www.benoit-lison.com\/en\/wp-json\/wp\/v2\/types\/page"}],"author":[{"embeddable":true,"href":"https:\/\/www.benoit-lison.com\/en\/wp-json\/wp\/v2\/users\/1"}],"replies":[{"embeddable":true,"href":"https:\/\/www.benoit-lison.com\/en\/wp-json\/wp\/v2\/comments?post=803"}],"version-history":[{"count":35,"href":"https:\/\/www.benoit-lison.com\/en\/wp-json\/wp\/v2\/pages\/803\/revisions"}],"predecessor-version":[{"id":1425,"href":"https:\/\/www.benoit-lison.com\/en\/wp-json\/wp\/v2\/pages\/803\/revisions\/1425"}],"wp:attachment":[{"href":"https:\/\/www.benoit-lison.com\/en\/wp-json\/wp\/v2\/media?parent=803"}],"curies":[{"name":"wp","href":"https:\/\/api.w.org\/{rel}","templated":true}]}}